{"id":640,"date":"2022-10-20T17:49:02","date_gmt":"2022-10-20T17:49:02","guid":{"rendered":"https:\/\/centrodemiastenia.com\/pacientes\/?page_id=640"},"modified":"2022-10-20T18:03:22","modified_gmt":"2022-10-20T18:03:22","slug":"inmunoglobulinas-intravenosas-plasmaferesis","status":"publish","type":"page","link":"https:\/\/centrodemiastenia.com\/pacientes\/inmunoglobulinas-intravenosas-plasmaferesis\/","title":{"rendered":"INMUNOGLOBULINAS INTRAVENOSAS\/ PLASMAF\u00c9RESIS"},"content":{"rendered":"\t\t<div data-elementor-type=\"wp-page\" data-elementor-id=\"640\" class=\"elementor elementor-640\">\n\t\t\t\t\t\t\t\t\t<section class=\"elementor-section elementor-top-section elementor-element elementor-element-07ebe09 elementor-section-height-min-height elementor-hidden-desktop elementor-hidden-tablet elementor-section-boxed elementor-section-height-default elementor-section-items-middle\" data-id=\"07ebe09\" data-element_type=\"section\" id=\"miastenia\" data-settings=\"{&quot;background_background&quot;:&quot;classic&quot;}\">\n\t\t\t\t\t\t\t<div class=\"elementor-background-overlay\"><\/div>\n\t\t\t\t\t\t\t<div class=\"elementor-container elementor-column-gap-default\">\n\t\t\t\t\t<div class=\"elementor-column elementor-col-100 elementor-top-column elementor-element elementor-element-9685794\" data-id=\"9685794\" data-element_type=\"column\">\n\t\t\t<div class=\"elementor-widget-wrap elementor-element-populated\">\n\t\t\t\t\t\t\t\t<div class=\"elementor-element elementor-element-24246b4 elementor-widget elementor-widget-image\" data-id=\"24246b4\" data-element_type=\"widget\" data-widget_type=\"image.default\">\n\t\t\t\t<div class=\"elementor-widget-container\">\n\t\t\t<style>\/*! elementor - v3.8.1 - 13-11-2022 *\/\n.elementor-widget-image{text-align:center}.elementor-widget-image a{display:inline-block}.elementor-widget-image a img[src$=\".svg\"]{width:48px}.elementor-widget-image img{vertical-align:middle;display:inline-block}<\/style>\t\t\t\t\t\t\t\t\t\t\t\t<img decoding=\"async\" width=\"1770\" height=\"314\" src=\"https:\/\/centrodemiastenia.com\/pacientes\/wp-content\/uploads\/sites\/2\/2022\/10\/Component-1-\u2013-1-e1666120104666.png\" class=\"attachment-full size-full\" alt=\"\" loading=\"lazy\" srcset=\"https:\/\/centrodemiastenia.com\/pacientes\/wp-content\/uploads\/sites\/2\/2022\/10\/Component-1-\u2013-1-e1666120104666.png 1770w, https:\/\/centrodemiastenia.com\/pacientes\/wp-content\/uploads\/sites\/2\/2022\/10\/Component-1-\u2013-1-e1666120104666-300x53.png 300w, https:\/\/centrodemiastenia.com\/pacientes\/wp-content\/uploads\/sites\/2\/2022\/10\/Component-1-\u2013-1-e1666120104666-1024x182.png 1024w, https:\/\/centrodemiastenia.com\/pacientes\/wp-content\/uploads\/sites\/2\/2022\/10\/Component-1-\u2013-1-e1666120104666-768x136.png 768w, https:\/\/centrodemiastenia.com\/pacientes\/wp-content\/uploads\/sites\/2\/2022\/10\/Component-1-\u2013-1-e1666120104666-1536x272.png 1536w\" sizes=\"(max-width: 1770px) 100vw, 1770px\" \/>\t\t\t\t\t\t\t\t\t\t\t\t\t\t\t<\/div>\n\t\t\t\t<\/div>\n\t\t\t\t\t<\/div>\n\t\t<\/div>\n\t\t\t\t\t\t\t<\/div>\n\t\t<\/section>\n\t\t\t\t<section class=\"elementor-section elementor-top-section elementor-element elementor-element-576d1b2 elementor-section-height-min-height elementor-section-items-bottom elementor-hidden-mobile elementor-section-boxed elementor-section-height-default\" data-id=\"576d1b2\" data-element_type=\"section\" id=\"miastenia\" data-settings=\"{&quot;background_background&quot;:&quot;classic&quot;}\">\n\t\t\t\t\t\t\t<div class=\"elementor-background-overlay\"><\/div>\n\t\t\t\t\t\t\t<div class=\"elementor-container elementor-column-gap-default\">\n\t\t\t\t\t<div class=\"elementor-column elementor-col-100 elementor-top-column elementor-element elementor-element-3e966a0\" data-id=\"3e966a0\" data-element_type=\"column\">\n\t\t\t<div class=\"elementor-widget-wrap elementor-element-populated\">\n\t\t\t\t\t\t\t\t<div class=\"elementor-element elementor-element-7a767a2 elementor-widget elementor-widget-image\" data-id=\"7a767a2\" data-element_type=\"widget\" data-widget_type=\"image.default\">\n\t\t\t\t<div class=\"elementor-widget-container\">\n\t\t\t\t\t\t\t\t\t\t\t\t\t\t\t<img decoding=\"async\" width=\"1770\" height=\"314\" src=\"https:\/\/centrodemiastenia.com\/pacientes\/wp-content\/uploads\/sites\/2\/2022\/10\/Component-1-\u2013-1-e1666120104666.png\" class=\"attachment-full size-full\" alt=\"\" loading=\"lazy\" srcset=\"https:\/\/centrodemiastenia.com\/pacientes\/wp-content\/uploads\/sites\/2\/2022\/10\/Component-1-\u2013-1-e1666120104666.png 1770w, https:\/\/centrodemiastenia.com\/pacientes\/wp-content\/uploads\/sites\/2\/2022\/10\/Component-1-\u2013-1-e1666120104666-300x53.png 300w, https:\/\/centrodemiastenia.com\/pacientes\/wp-content\/uploads\/sites\/2\/2022\/10\/Component-1-\u2013-1-e1666120104666-1024x182.png 1024w, https:\/\/centrodemiastenia.com\/pacientes\/wp-content\/uploads\/sites\/2\/2022\/10\/Component-1-\u2013-1-e1666120104666-768x136.png 768w, https:\/\/centrodemiastenia.com\/pacientes\/wp-content\/uploads\/sites\/2\/2022\/10\/Component-1-\u2013-1-e1666120104666-1536x272.png 1536w\" sizes=\"(max-width: 1770px) 100vw, 1770px\" \/>\t\t\t\t\t\t\t\t\t\t\t\t\t\t\t<\/div>\n\t\t\t\t<\/div>\n\t\t\t\t\t<\/div>\n\t\t<\/div>\n\t\t\t\t\t\t\t<\/div>\n\t\t<\/section>\n\t\t\t\t<section class=\"elementor-section elementor-top-section elementor-element elementor-element-ea89b84 elementor-section-boxed elementor-section-height-default elementor-section-height-default\" data-id=\"ea89b84\" data-element_type=\"section\">\n\t\t\t\t\t\t<div class=\"elementor-container elementor-column-gap-default\">\n\t\t\t\t\t<div class=\"elementor-column elementor-col-100 elementor-top-column elementor-element elementor-element-d19160a\" data-id=\"d19160a\" data-element_type=\"column\">\n\t\t\t<div class=\"elementor-widget-wrap elementor-element-populated\">\n\t\t\t\t\t\t\t\t<div class=\"elementor-element elementor-element-93f7a59 elementor-nav-menu--dropdown-none elementor-widget elementor-widget-nav-menu\" data-id=\"93f7a59\" data-element_type=\"widget\" id=\"tratamiento-menu\" data-settings=\"{&quot;layout&quot;:&quot;horizontal&quot;,&quot;submenu_icon&quot;:{&quot;value&quot;:&quot;&lt;i class=\\&quot;fas fa-caret-down\\&quot;&gt;&lt;\\\/i&gt;&quot;,&quot;library&quot;:&quot;fa-solid&quot;}}\" data-widget_type=\"nav-menu.default\">\n\t\t\t\t<div class=\"elementor-widget-container\">\n\t\t\t<link rel=\"stylesheet\" href=\"https:\/\/centrodemiastenia.com\/pacientes\/wp-content\/plugins\/elementor-pro\/assets\/css\/widget-nav-menu.min.css\">\t\t\t<nav migration_allowed=\"1\" migrated=\"0\" role=\"navigation\" class=\"elementor-nav-menu--main elementor-nav-menu__container elementor-nav-menu--layout-horizontal e--pointer-underline e--animation-fade\">\n\t\t\t\t<ul id=\"menu-1-93f7a59\" class=\"elementor-nav-menu\"><li class=\"menu-item menu-item-type-post_type menu-item-object-page menu-item-556\"><a href=\"https:\/\/centrodemiastenia.com\/pacientes\/medicacion\/\" class=\"elementor-item\">MEDICACI\u00d3N<\/a><\/li>\n<li class=\"menu-item menu-item-type-post_type menu-item-object-page menu-item-626\"><a href=\"https:\/\/centrodemiastenia.com\/pacientes\/timectomia-cirugia\/\" class=\"elementor-item\">TIMECTOM\u00cdA (CIRUG\u00cdA)<\/a><\/li>\n<li class=\"menu-item menu-item-type-post_type menu-item-object-page menu-item-659\"><a href=\"https:\/\/centrodemiastenia.com\/pacientes\/inmunoglobulinas-intravenosas-plasmaferesis\/\" class=\"elementor-item\">INMUNOGLOBULINAS INTRAVENOSAS\/ PLASMAF\u00c9RESIS<\/a><\/li>\n<\/ul>\t\t\t<\/nav>\n\t\t\t\t\t<div class=\"elementor-menu-toggle\" role=\"button\" tabindex=\"0\" aria-label=\"Menu Toggle\" aria-expanded=\"false\">\n\t\t\t<i aria-hidden=\"true\" role=\"presentation\" class=\"elementor-menu-toggle__icon--open eicon-menu-bar\"><\/i><i aria-hidden=\"true\" role=\"presentation\" class=\"elementor-menu-toggle__icon--close eicon-close\"><\/i>\t\t\t<span class=\"elementor-screen-only\">Menu<\/span>\n\t\t<\/div>\n\t\t\t<nav class=\"elementor-nav-menu--dropdown elementor-nav-menu__container\" role=\"navigation\" aria-hidden=\"true\">\n\t\t\t\t<ul id=\"menu-2-93f7a59\" class=\"elementor-nav-menu\"><li class=\"menu-item menu-item-type-post_type menu-item-object-page menu-item-556\"><a href=\"https:\/\/centrodemiastenia.com\/pacientes\/medicacion\/\" class=\"elementor-item\" tabindex=\"-1\">MEDICACI\u00d3N<\/a><\/li>\n<li class=\"menu-item menu-item-type-post_type menu-item-object-page menu-item-626\"><a href=\"https:\/\/centrodemiastenia.com\/pacientes\/timectomia-cirugia\/\" class=\"elementor-item\" tabindex=\"-1\">TIMECTOM\u00cdA (CIRUG\u00cdA)<\/a><\/li>\n<li class=\"menu-item menu-item-type-post_type menu-item-object-page menu-item-659\"><a href=\"https:\/\/centrodemiastenia.com\/pacientes\/inmunoglobulinas-intravenosas-plasmaferesis\/\" class=\"elementor-item\" tabindex=\"-1\">INMUNOGLOBULINAS INTRAVENOSAS\/ PLASMAF\u00c9RESIS<\/a><\/li>\n<\/ul>\t\t\t<\/nav>\n\t\t\t\t<\/div>\n\t\t\t\t<\/div>\n\t\t\t\t\t<\/div>\n\t\t<\/div>\n\t\t\t\t\t\t\t<\/div>\n\t\t<\/section>\n\t\t\t\t<section class=\"elementor-section elementor-top-section elementor-element elementor-element-70539da elementor-section-boxed elementor-section-height-default elementor-section-height-default\" data-id=\"70539da\" data-element_type=\"section\" data-settings=\"{&quot;background_background&quot;:&quot;classic&quot;}\">\n\t\t\t\t\t\t<div class=\"elementor-container elementor-column-gap-default\">\n\t\t\t\t\t<div class=\"elementor-column elementor-col-100 elementor-top-column elementor-element elementor-element-7ce1a16\" data-id=\"7ce1a16\" data-element_type=\"column\">\n\t\t\t<div class=\"elementor-widget-wrap elementor-element-populated\">\n\t\t\t\t\t\t\t\t<div class=\"elementor-element elementor-element-50e94991 elementor-widget elementor-widget-heading\" data-id=\"50e94991\" data-element_type=\"widget\" data-widget_type=\"heading.default\">\n\t\t\t\t<div class=\"elementor-widget-container\">\n\t\t\t<style>\/*! elementor - v3.8.1 - 13-11-2022 *\/\n.elementor-heading-title{padding:0;margin:0;line-height:1}.elementor-widget-heading .elementor-heading-title[class*=elementor-size-]>a{color:inherit;font-size:inherit;line-height:inherit}.elementor-widget-heading .elementor-heading-title.elementor-size-small{font-size:15px}.elementor-widget-heading .elementor-heading-title.elementor-size-medium{font-size:19px}.elementor-widget-heading .elementor-heading-title.elementor-size-large{font-size:29px}.elementor-widget-heading .elementor-heading-title.elementor-size-xl{font-size:39px}.elementor-widget-heading .elementor-heading-title.elementor-size-xxl{font-size:59px}<\/style><h2 class=\"elementor-heading-title elementor-size-default\">INMUNOGLOBULINAS INTRAVENOSAS \/ PLASMAF\u00c9RESIS<\/h2>\t\t<\/div>\n\t\t\t\t<\/div>\n\t\t\t\t<section class=\"elementor-section elementor-inner-section elementor-element elementor-element-a65fcbe elementor-section-boxed elementor-section-height-default elementor-section-height-default\" data-id=\"a65fcbe\" data-element_type=\"section\">\n\t\t\t\t\t\t<div class=\"elementor-container elementor-column-gap-default\">\n\t\t\t\t\t<div class=\"elementor-column elementor-col-50 elementor-inner-column elementor-element elementor-element-b56c0f8\" data-id=\"b56c0f8\" data-element_type=\"column\">\n\t\t\t<div class=\"elementor-widget-wrap elementor-element-populated\">\n\t\t\t\t\t\t\t\t<div class=\"elementor-element elementor-element-a31b82e elementor-widget elementor-widget-text-editor\" data-id=\"a31b82e\" data-element_type=\"widget\" data-widget_type=\"text-editor.default\">\n\t\t\t\t<div class=\"elementor-widget-container\">\n\t\t\t<style>\/*! elementor - v3.8.1 - 13-11-2022 *\/\n.elementor-widget-text-editor.elementor-drop-cap-view-stacked .elementor-drop-cap{background-color:#818a91;color:#fff}.elementor-widget-text-editor.elementor-drop-cap-view-framed .elementor-drop-cap{color:#818a91;border:3px solid;background-color:transparent}.elementor-widget-text-editor:not(.elementor-drop-cap-view-default) .elementor-drop-cap{margin-top:8px}.elementor-widget-text-editor:not(.elementor-drop-cap-view-default) .elementor-drop-cap-letter{width:1em;height:1em}.elementor-widget-text-editor .elementor-drop-cap{float:left;text-align:center;line-height:1;font-size:50px}.elementor-widget-text-editor .elementor-drop-cap-letter{display:inline-block}<\/style>\t\t\t\t<p>\u2022 La terapia con inmunoglobulinas intravenosas (IgIV) es la administraci\u00f3n a trav\u00e9s de una vena, de un concentrado de productos de la sangre de diferentes donantes, cuidadosamente seleccionados. No se conoce exactamente c\u00f3mo act\u00faa, pero parece modificar la respuesta del sistema inmunitario. <br \/>\u2022 La plasmaf\u00e9resis, tambi\u00e9n conocida como recambio plasm\u00e1tico, consiste en el filtrado de la sangre para extraer los anticuerpos circulantes. El procedimiento requiere la extracci\u00f3n gradual de sangre a trav\u00e9s de una vena, la separaci\u00f3n del plasma que contiene los anticuerpos, y el reingreso de sangre libre de anticuerpos al organismo.<\/p><p>\u00a0<\/p>\t\t\t\t\t\t<\/div>\n\t\t\t\t<\/div>\n\t\t\t\t\t<\/div>\n\t\t<\/div>\n\t\t\t\t<div class=\"elementor-column elementor-col-50 elementor-inner-column elementor-element elementor-element-0b5503d\" data-id=\"0b5503d\" data-element_type=\"column\">\n\t\t\t<div class=\"elementor-widget-wrap elementor-element-populated\">\n\t\t\t\t\t\t\t\t<div class=\"elementor-element elementor-element-5539982 elementor-widget elementor-widget-image\" data-id=\"5539982\" data-element_type=\"widget\" data-widget_type=\"image.default\">\n\t\t\t\t<div class=\"elementor-widget-container\">\n\t\t\t\t\t\t\t\t\t\t\t\t\t\t\t<img decoding=\"async\" width=\"583\" height=\"422\" src=\"https:\/\/centrodemiastenia.com\/pacientes\/wp-content\/uploads\/sites\/2\/2022\/10\/Group-44.svg\" class=\"attachment-full size-full\" alt=\"\" loading=\"lazy\" \/>\t\t\t\t\t\t\t\t\t\t\t\t\t\t\t<\/div>\n\t\t\t\t<\/div>\n\t\t\t\t\t<\/div>\n\t\t<\/div>\n\t\t\t\t\t\t\t<\/div>\n\t\t<\/section>\n\t\t\t\t<div class=\"elementor-element elementor-element-6440e99 elementor-widget elementor-widget-spacer\" data-id=\"6440e99\" data-element_type=\"widget\" data-widget_type=\"spacer.default\">\n\t\t\t\t<div class=\"elementor-widget-container\">\n\t\t\t<style>\/*! elementor - v3.8.1 - 13-11-2022 *\/\n.elementor-column .elementor-spacer-inner{height:var(--spacer-size)}.e-con{--container-widget-width:100%}.e-con-inner>.elementor-widget-spacer,.e-con>.elementor-widget-spacer{width:var(--container-widget-width,var(--spacer-size));-ms-flex-item-align:stretch;align-self:stretch;-ms-flex-negative:0;flex-shrink:0}.e-con-inner>.elementor-widget-spacer>.elementor-widget-container,.e-con-inner>.elementor-widget-spacer>.elementor-widget-container>.elementor-spacer,.e-con>.elementor-widget-spacer>.elementor-widget-container,.e-con>.elementor-widget-spacer>.elementor-widget-container>.elementor-spacer{height:100%}.e-con-inner>.elementor-widget-spacer>.elementor-widget-container>.elementor-spacer>.elementor-spacer-inner,.e-con>.elementor-widget-spacer>.elementor-widget-container>.elementor-spacer>.elementor-spacer-inner{height:var(--container-widget-height,var(--spacer-size))}<\/style>\t\t<div class=\"elementor-spacer\">\n\t\t\t<div class=\"elementor-spacer-inner\"><\/div>\n\t\t<\/div>\n\t\t\t\t<\/div>\n\t\t\t\t<\/div>\n\t\t\t\t\t<\/div>\n\t\t<\/div>\n\t\t\t\t\t\t\t<\/div>\n\t\t<\/section>\n\t\t\t\t<section class=\"elementor-section elementor-top-section elementor-element elementor-element-d775d75 elementor-section-boxed elementor-section-height-default elementor-section-height-default\" data-id=\"d775d75\" data-element_type=\"section\" data-settings=\"{&quot;background_background&quot;:&quot;classic&quot;}\">\n\t\t\t\t\t\t<div class=\"elementor-container elementor-column-gap-default\">\n\t\t\t\t\t<div class=\"elementor-column elementor-col-100 elementor-top-column elementor-element elementor-element-667a304\" data-id=\"667a304\" data-element_type=\"column\">\n\t\t\t<div class=\"elementor-widget-wrap elementor-element-populated\">\n\t\t\t\t\t\t\t\t<section class=\"elementor-section elementor-inner-section elementor-element elementor-element-5f743c7 elementor-section-boxed elementor-section-height-default elementor-section-height-default\" data-id=\"5f743c7\" data-element_type=\"section\" data-settings=\"{&quot;background_background&quot;:&quot;gradient&quot;}\">\n\t\t\t\t\t\t<div class=\"elementor-container elementor-column-gap-default\">\n\t\t\t\t\t<div class=\"elementor-column elementor-col-100 elementor-inner-column elementor-element elementor-element-e55dbbe\" data-id=\"e55dbbe\" data-element_type=\"column\">\n\t\t\t<div class=\"elementor-widget-wrap elementor-element-populated\">\n\t\t\t\t\t\t\t\t<div class=\"elementor-element elementor-element-861fa87 elementor-widget__width-initial elementor-widget-tablet__width-initial elementor-widget elementor-widget-text-editor\" data-id=\"861fa87\" data-element_type=\"widget\" data-widget_type=\"text-editor.default\">\n\t\t\t\t<div class=\"elementor-widget-container\">\n\t\t\t\t\t\t\t<p>Ambos procedimientos se utilizan cuando se necesita que los s\u00edntomas mejoren r\u00e1pidamente, como durante una crisis miast\u00e9nica, debido a que el beneficio es evidente en pocos d\u00edas.<\/p>\t\t\t\t\t\t<\/div>\n\t\t\t\t<\/div>\n\t\t\t\t\t<\/div>\n\t\t<\/div>\n\t\t\t\t\t\t\t<\/div>\n\t\t<\/section>\n\t\t\t\t<section class=\"elementor-section elementor-inner-section elementor-element elementor-element-31fab80 elementor-section-boxed elementor-section-height-default elementor-section-height-default\" data-id=\"31fab80\" data-element_type=\"section\">\n\t\t\t\t\t\t<div class=\"elementor-container elementor-column-gap-default\">\n\t\t\t\t\t<div class=\"elementor-column elementor-col-100 elementor-inner-column elementor-element elementor-element-ae26224\" data-id=\"ae26224\" data-element_type=\"column\">\n\t\t\t<div class=\"elementor-widget-wrap elementor-element-populated\">\n\t\t\t\t\t\t\t\t<div class=\"elementor-element elementor-element-deabcf6 elementor-widget elementor-widget-text-editor\" data-id=\"deabcf6\" data-element_type=\"widget\" data-widget_type=\"text-editor.default\">\n\t\t\t\t<div class=\"elementor-widget-container\">\n\t\t\t\t\t\t\t<p>\u2022 La plasmaf\u00e9resis suele indicarse como preparaci\u00f3n previa a una cirug\u00eda. Tambi\u00e9n parece ser un tratamiento efectivo para las personas con anticuerpos anti MuSK positivos. <br \/>\u2022 Ambas terapias tienen en com\u00fan que se requiere un acceso venoso y que deben realizarse en centros especializados, bajo vigilancia m\u00e9dica.<br \/>\u2022 Por su r\u00e1pido beneficio cl\u00ednico, pueden usarse como \u201cpuente\u201d mientras se espera el efecto de otros tratamientos de inicio m\u00e1s lento. Sin embargo, se debe tener presente que la mejor\u00eda es transitoria y se mantiene por hasta dos meses.<\/p>\t\t\t\t\t\t<\/div>\n\t\t\t\t<\/div>\n\t\t\t\t\t<\/div>\n\t\t<\/div>\n\t\t\t\t\t\t\t<\/div>\n\t\t<\/section>\n\t\t\t\t<div class=\"elementor-element elementor-element-3584d10 elementor-widget elementor-widget-spacer\" data-id=\"3584d10\" data-element_type=\"widget\" data-widget_type=\"spacer.default\">\n\t\t\t\t<div class=\"elementor-widget-container\">\n\t\t\t\t\t<div class=\"elementor-spacer\">\n\t\t\t<div class=\"elementor-spacer-inner\"><\/div>\n\t\t<\/div>\n\t\t\t\t<\/div>\n\t\t\t\t<\/div>\n\t\t\t\t\t<\/div>\n\t\t<\/div>\n\t\t\t\t\t\t\t<\/div>\n\t\t<\/section>\n\t\t\t\t\t\t\t<\/div>\n\t\t","protected":false},"excerpt":{"rendered":"<p>INMUNOGLOBULINAS INTRAVENOSAS \/ PLASMAF\u00c9RESIS \u2022 La terapia con inmunoglobulinas intravenosas (IgIV) es la administraci\u00f3n a trav\u00e9s de una vena, de un concentrado de productos de la sangre de diferentes donantes, cuidadosamente seleccionados. No se conoce exactamente c\u00f3mo act\u00faa, pero parece modificar la respuesta del sistema inmunitario. \u2022 La plasmaf\u00e9resis, tambi\u00e9n conocida como recambio plasm\u00e1tico, consiste [&hellip;]<\/p>\n","protected":false},"author":1,"featured_media":0,"parent":0,"menu_order":0,"comment_status":"closed","ping_status":"closed","template":"","meta":{"inline_featured_image":false},"_links":{"self":[{"href":"https:\/\/centrodemiastenia.com\/pacientes\/wp-json\/wp\/v2\/pages\/640"}],"collection":[{"href":"https:\/\/centrodemiastenia.com\/pacientes\/wp-json\/wp\/v2\/pages"}],"about":[{"href":"https:\/\/centrodemiastenia.com\/pacientes\/wp-json\/wp\/v2\/types\/page"}],"author":[{"embeddable":true,"href":"https:\/\/centrodemiastenia.com\/pacientes\/wp-json\/wp\/v2\/users\/1"}],"replies":[{"embeddable":true,"href":"https:\/\/centrodemiastenia.com\/pacientes\/wp-json\/wp\/v2\/comments?post=640"}],"version-history":[{"count":22,"href":"https:\/\/centrodemiastenia.com\/pacientes\/wp-json\/wp\/v2\/pages\/640\/revisions"}],"predecessor-version":[{"id":679,"href":"https:\/\/centrodemiastenia.com\/pacientes\/wp-json\/wp\/v2\/pages\/640\/revisions\/679"}],"wp:attachment":[{"href":"https:\/\/centrodemiastenia.com\/pacientes\/wp-json\/wp\/v2\/media?parent=640"}],"curies":[{"name":"wp","href":"https:\/\/api.w.org\/{rel}","templated":true}]}}