{"id":617,"date":"2022-10-20T16:45:12","date_gmt":"2022-10-20T16:45:12","guid":{"rendered":"https:\/\/centrodemiastenia.com\/pacientes\/?page_id=617"},"modified":"2022-10-20T17:58:25","modified_gmt":"2022-10-20T17:58:25","slug":"timectomia-cirugia","status":"publish","type":"page","link":"https:\/\/centrodemiastenia.com\/pacientes\/timectomia-cirugia\/","title":{"rendered":"TIMECTOM\u00cdA (CIRUG\u00cdA)"},"content":{"rendered":"\t\t<div data-elementor-type=\"wp-page\" data-elementor-id=\"617\" class=\"elementor elementor-617\">\n\t\t\t\t\t\t\t\t\t<section class=\"elementor-section elementor-top-section elementor-element elementor-element-07ebe09 elementor-section-height-min-height elementor-hidden-desktop elementor-hidden-tablet elementor-section-boxed elementor-section-height-default elementor-section-items-middle\" data-id=\"07ebe09\" data-element_type=\"section\" id=\"miastenia\" data-settings=\"{&quot;background_background&quot;:&quot;classic&quot;}\">\n\t\t\t\t\t\t\t<div class=\"elementor-background-overlay\"><\/div>\n\t\t\t\t\t\t\t<div class=\"elementor-container elementor-column-gap-default\">\n\t\t\t\t\t<div class=\"elementor-column elementor-col-100 elementor-top-column elementor-element elementor-element-9685794\" data-id=\"9685794\" data-element_type=\"column\">\n\t\t\t<div class=\"elementor-widget-wrap elementor-element-populated\">\n\t\t\t\t\t\t\t\t<div class=\"elementor-element elementor-element-24246b4 elementor-widget elementor-widget-image\" data-id=\"24246b4\" data-element_type=\"widget\" data-widget_type=\"image.default\">\n\t\t\t\t<div class=\"elementor-widget-container\">\n\t\t\t<style>\/*! elementor - v3.8.1 - 13-11-2022 *\/\n.elementor-widget-image{text-align:center}.elementor-widget-image a{display:inline-block}.elementor-widget-image a img[src$=\".svg\"]{width:48px}.elementor-widget-image img{vertical-align:middle;display:inline-block}<\/style>\t\t\t\t\t\t\t\t\t\t\t\t<img decoding=\"async\" width=\"1770\" height=\"314\" src=\"https:\/\/centrodemiastenia.com\/pacientes\/wp-content\/uploads\/sites\/2\/2022\/10\/Component-1-\u2013-1-e1666120104666.png\" class=\"attachment-full size-full\" alt=\"\" loading=\"lazy\" srcset=\"https:\/\/centrodemiastenia.com\/pacientes\/wp-content\/uploads\/sites\/2\/2022\/10\/Component-1-\u2013-1-e1666120104666.png 1770w, https:\/\/centrodemiastenia.com\/pacientes\/wp-content\/uploads\/sites\/2\/2022\/10\/Component-1-\u2013-1-e1666120104666-300x53.png 300w, https:\/\/centrodemiastenia.com\/pacientes\/wp-content\/uploads\/sites\/2\/2022\/10\/Component-1-\u2013-1-e1666120104666-1024x182.png 1024w, https:\/\/centrodemiastenia.com\/pacientes\/wp-content\/uploads\/sites\/2\/2022\/10\/Component-1-\u2013-1-e1666120104666-768x136.png 768w, https:\/\/centrodemiastenia.com\/pacientes\/wp-content\/uploads\/sites\/2\/2022\/10\/Component-1-\u2013-1-e1666120104666-1536x272.png 1536w\" sizes=\"(max-width: 1770px) 100vw, 1770px\" \/>\t\t\t\t\t\t\t\t\t\t\t\t\t\t\t<\/div>\n\t\t\t\t<\/div>\n\t\t\t\t\t<\/div>\n\t\t<\/div>\n\t\t\t\t\t\t\t<\/div>\n\t\t<\/section>\n\t\t\t\t<section class=\"elementor-section elementor-top-section elementor-element elementor-element-576d1b2 elementor-section-height-min-height elementor-section-items-bottom elementor-hidden-mobile elementor-section-boxed elementor-section-height-default\" data-id=\"576d1b2\" data-element_type=\"section\" id=\"miastenia\" data-settings=\"{&quot;background_background&quot;:&quot;classic&quot;}\">\n\t\t\t\t\t\t\t<div class=\"elementor-background-overlay\"><\/div>\n\t\t\t\t\t\t\t<div class=\"elementor-container elementor-column-gap-default\">\n\t\t\t\t\t<div class=\"elementor-column elementor-col-100 elementor-top-column elementor-element elementor-element-3e966a0\" data-id=\"3e966a0\" data-element_type=\"column\">\n\t\t\t<div class=\"elementor-widget-wrap elementor-element-populated\">\n\t\t\t\t\t\t\t\t<div class=\"elementor-element elementor-element-7a767a2 elementor-widget elementor-widget-image\" data-id=\"7a767a2\" data-element_type=\"widget\" data-widget_type=\"image.default\">\n\t\t\t\t<div class=\"elementor-widget-container\">\n\t\t\t\t\t\t\t\t\t\t\t\t\t\t\t<img decoding=\"async\" width=\"1770\" height=\"314\" src=\"https:\/\/centrodemiastenia.com\/pacientes\/wp-content\/uploads\/sites\/2\/2022\/10\/Component-1-\u2013-1-e1666120104666.png\" class=\"attachment-full size-full\" alt=\"\" loading=\"lazy\" srcset=\"https:\/\/centrodemiastenia.com\/pacientes\/wp-content\/uploads\/sites\/2\/2022\/10\/Component-1-\u2013-1-e1666120104666.png 1770w, https:\/\/centrodemiastenia.com\/pacientes\/wp-content\/uploads\/sites\/2\/2022\/10\/Component-1-\u2013-1-e1666120104666-300x53.png 300w, https:\/\/centrodemiastenia.com\/pacientes\/wp-content\/uploads\/sites\/2\/2022\/10\/Component-1-\u2013-1-e1666120104666-1024x182.png 1024w, https:\/\/centrodemiastenia.com\/pacientes\/wp-content\/uploads\/sites\/2\/2022\/10\/Component-1-\u2013-1-e1666120104666-768x136.png 768w, https:\/\/centrodemiastenia.com\/pacientes\/wp-content\/uploads\/sites\/2\/2022\/10\/Component-1-\u2013-1-e1666120104666-1536x272.png 1536w\" sizes=\"(max-width: 1770px) 100vw, 1770px\" \/>\t\t\t\t\t\t\t\t\t\t\t\t\t\t\t<\/div>\n\t\t\t\t<\/div>\n\t\t\t\t\t<\/div>\n\t\t<\/div>\n\t\t\t\t\t\t\t<\/div>\n\t\t<\/section>\n\t\t\t\t<section class=\"elementor-section elementor-top-section elementor-element elementor-element-ea89b84 elementor-section-boxed elementor-section-height-default elementor-section-height-default\" data-id=\"ea89b84\" data-element_type=\"section\">\n\t\t\t\t\t\t<div class=\"elementor-container elementor-column-gap-default\">\n\t\t\t\t\t<div class=\"elementor-column elementor-col-100 elementor-top-column elementor-element elementor-element-d19160a\" data-id=\"d19160a\" data-element_type=\"column\">\n\t\t\t<div class=\"elementor-widget-wrap elementor-element-populated\">\n\t\t\t\t\t\t\t\t<div class=\"elementor-element elementor-element-93f7a59 elementor-nav-menu--dropdown-none elementor-widget elementor-widget-nav-menu\" data-id=\"93f7a59\" data-element_type=\"widget\" id=\"tratamiento-menu\" data-settings=\"{&quot;layout&quot;:&quot;horizontal&quot;,&quot;submenu_icon&quot;:{&quot;value&quot;:&quot;&lt;i class=\\&quot;fas fa-caret-down\\&quot;&gt;&lt;\\\/i&gt;&quot;,&quot;library&quot;:&quot;fa-solid&quot;}}\" data-widget_type=\"nav-menu.default\">\n\t\t\t\t<div class=\"elementor-widget-container\">\n\t\t\t<link rel=\"stylesheet\" href=\"https:\/\/centrodemiastenia.com\/pacientes\/wp-content\/plugins\/elementor-pro\/assets\/css\/widget-nav-menu.min.css\">\t\t\t<nav migration_allowed=\"1\" migrated=\"0\" role=\"navigation\" class=\"elementor-nav-menu--main elementor-nav-menu__container elementor-nav-menu--layout-horizontal e--pointer-underline e--animation-fade\">\n\t\t\t\t<ul id=\"menu-1-93f7a59\" class=\"elementor-nav-menu\"><li class=\"menu-item menu-item-type-post_type menu-item-object-page menu-item-556\"><a href=\"https:\/\/centrodemiastenia.com\/pacientes\/medicacion\/\" class=\"elementor-item\">MEDICACI\u00d3N<\/a><\/li>\n<li class=\"menu-item menu-item-type-post_type menu-item-object-page menu-item-626\"><a href=\"https:\/\/centrodemiastenia.com\/pacientes\/timectomia-cirugia\/\" class=\"elementor-item\">TIMECTOM\u00cdA (CIRUG\u00cdA)<\/a><\/li>\n<li class=\"menu-item menu-item-type-post_type menu-item-object-page menu-item-659\"><a href=\"https:\/\/centrodemiastenia.com\/pacientes\/inmunoglobulinas-intravenosas-plasmaferesis\/\" class=\"elementor-item\">INMUNOGLOBULINAS INTRAVENOSAS\/ PLASMAF\u00c9RESIS<\/a><\/li>\n<\/ul>\t\t\t<\/nav>\n\t\t\t\t\t<div class=\"elementor-menu-toggle\" role=\"button\" tabindex=\"0\" aria-label=\"Menu Toggle\" aria-expanded=\"false\">\n\t\t\t<i aria-hidden=\"true\" role=\"presentation\" class=\"elementor-menu-toggle__icon--open eicon-menu-bar\"><\/i><i aria-hidden=\"true\" role=\"presentation\" class=\"elementor-menu-toggle__icon--close eicon-close\"><\/i>\t\t\t<span class=\"elementor-screen-only\">Menu<\/span>\n\t\t<\/div>\n\t\t\t<nav class=\"elementor-nav-menu--dropdown elementor-nav-menu__container\" role=\"navigation\" aria-hidden=\"true\">\n\t\t\t\t<ul id=\"menu-2-93f7a59\" class=\"elementor-nav-menu\"><li class=\"menu-item menu-item-type-post_type menu-item-object-page menu-item-556\"><a href=\"https:\/\/centrodemiastenia.com\/pacientes\/medicacion\/\" class=\"elementor-item\" tabindex=\"-1\">MEDICACI\u00d3N<\/a><\/li>\n<li class=\"menu-item menu-item-type-post_type menu-item-object-page menu-item-626\"><a href=\"https:\/\/centrodemiastenia.com\/pacientes\/timectomia-cirugia\/\" class=\"elementor-item\" tabindex=\"-1\">TIMECTOM\u00cdA (CIRUG\u00cdA)<\/a><\/li>\n<li class=\"menu-item menu-item-type-post_type menu-item-object-page menu-item-659\"><a href=\"https:\/\/centrodemiastenia.com\/pacientes\/inmunoglobulinas-intravenosas-plasmaferesis\/\" class=\"elementor-item\" tabindex=\"-1\">INMUNOGLOBULINAS INTRAVENOSAS\/ PLASMAF\u00c9RESIS<\/a><\/li>\n<\/ul>\t\t\t<\/nav>\n\t\t\t\t<\/div>\n\t\t\t\t<\/div>\n\t\t\t\t\t<\/div>\n\t\t<\/div>\n\t\t\t\t\t\t\t<\/div>\n\t\t<\/section>\n\t\t\t\t<section class=\"elementor-section elementor-top-section elementor-element elementor-element-70539da elementor-section-boxed elementor-section-height-default elementor-section-height-default\" data-id=\"70539da\" data-element_type=\"section\" data-settings=\"{&quot;background_background&quot;:&quot;classic&quot;}\">\n\t\t\t\t\t\t<div class=\"elementor-container elementor-column-gap-default\">\n\t\t\t\t\t<div class=\"elementor-column elementor-col-100 elementor-top-column elementor-element elementor-element-7ce1a16\" data-id=\"7ce1a16\" data-element_type=\"column\">\n\t\t\t<div class=\"elementor-widget-wrap elementor-element-populated\">\n\t\t\t\t\t\t\t\t<div class=\"elementor-element elementor-element-50e94991 elementor-widget elementor-widget-heading\" data-id=\"50e94991\" data-element_type=\"widget\" data-widget_type=\"heading.default\">\n\t\t\t\t<div class=\"elementor-widget-container\">\n\t\t\t<style>\/*! elementor - v3.8.1 - 13-11-2022 *\/\n.elementor-heading-title{padding:0;margin:0;line-height:1}.elementor-widget-heading .elementor-heading-title[class*=elementor-size-]>a{color:inherit;font-size:inherit;line-height:inherit}.elementor-widget-heading .elementor-heading-title.elementor-size-small{font-size:15px}.elementor-widget-heading .elementor-heading-title.elementor-size-medium{font-size:19px}.elementor-widget-heading .elementor-heading-title.elementor-size-large{font-size:29px}.elementor-widget-heading .elementor-heading-title.elementor-size-xl{font-size:39px}.elementor-widget-heading .elementor-heading-title.elementor-size-xxl{font-size:59px}<\/style><h2 class=\"elementor-heading-title elementor-size-default\">TIMECTOM\u00cdA (CIRUG\u00cdA)<\/h2>\t\t<\/div>\n\t\t\t\t<\/div>\n\t\t\t\t<section class=\"elementor-section elementor-inner-section elementor-element elementor-element-a65fcbe elementor-section-boxed elementor-section-height-default elementor-section-height-default\" data-id=\"a65fcbe\" data-element_type=\"section\">\n\t\t\t\t\t\t<div class=\"elementor-container elementor-column-gap-default\">\n\t\t\t\t\t<div class=\"elementor-column elementor-col-50 elementor-inner-column elementor-element elementor-element-b56c0f8\" data-id=\"b56c0f8\" data-element_type=\"column\">\n\t\t\t<div class=\"elementor-widget-wrap elementor-element-populated\">\n\t\t\t\t\t\t\t\t<div class=\"elementor-element elementor-element-a31b82e elementor-widget elementor-widget-text-editor\" data-id=\"a31b82e\" data-element_type=\"widget\" data-widget_type=\"text-editor.default\">\n\t\t\t\t<div class=\"elementor-widget-container\">\n\t\t\t<style>\/*! elementor - v3.8.1 - 13-11-2022 *\/\n.elementor-widget-text-editor.elementor-drop-cap-view-stacked .elementor-drop-cap{background-color:#818a91;color:#fff}.elementor-widget-text-editor.elementor-drop-cap-view-framed .elementor-drop-cap{color:#818a91;border:3px solid;background-color:transparent}.elementor-widget-text-editor:not(.elementor-drop-cap-view-default) .elementor-drop-cap{margin-top:8px}.elementor-widget-text-editor:not(.elementor-drop-cap-view-default) .elementor-drop-cap-letter{width:1em;height:1em}.elementor-widget-text-editor .elementor-drop-cap{float:left;text-align:center;line-height:1;font-size:50px}.elementor-widget-text-editor .elementor-drop-cap-letter{display:inline-block}<\/style>\t\t\t\t<p>\u2022 <b>La timectom\u00eda es la cirug\u00eda para extraer el timo, la gl\u00e1ndula ubicada detr\u00e1s del estern\u00f3n, en la parte alta del t\u00f3rax. <\/b><br \/>\u2022 El timo forma parte del sistema inmunitario y en las personas con MG, est\u00e1 involucrado en la estimulaci\u00f3n de la producci\u00f3n de AChRA. En cerca del 70% de los pacientes, el timo est\u00e1 muy activo y aumentado de tama\u00f1o. Incluso, en un 15% de los casos, est\u00e1 presente un tumor del timo generalmente benigno (timoma).<\/p>\t\t\t\t\t\t<\/div>\n\t\t\t\t<\/div>\n\t\t\t\t\t<\/div>\n\t\t<\/div>\n\t\t\t\t<div class=\"elementor-column elementor-col-50 elementor-inner-column elementor-element elementor-element-0b5503d\" data-id=\"0b5503d\" data-element_type=\"column\">\n\t\t\t<div class=\"elementor-widget-wrap elementor-element-populated\">\n\t\t\t\t\t\t\t\t<div class=\"elementor-element elementor-element-5539982 elementor-widget elementor-widget-image\" data-id=\"5539982\" data-element_type=\"widget\" data-widget_type=\"image.default\">\n\t\t\t\t<div class=\"elementor-widget-container\">\n\t\t\t\t\t\t\t\t\t\t\t\t\t\t\t<img decoding=\"async\" width=\"606\" height=\"395\" src=\"https:\/\/centrodemiastenia.com\/pacientes\/wp-content\/uploads\/sites\/2\/2022\/10\/Ilus_cirugia.svg\" class=\"attachment-full size-full\" alt=\"\" loading=\"lazy\" \/>\t\t\t\t\t\t\t\t\t\t\t\t\t\t\t<\/div>\n\t\t\t\t<\/div>\n\t\t\t\t\t<\/div>\n\t\t<\/div>\n\t\t\t\t\t\t\t<\/div>\n\t\t<\/section>\n\t\t\t\t<div class=\"elementor-element elementor-element-6440e99 elementor-widget elementor-widget-spacer\" data-id=\"6440e99\" data-element_type=\"widget\" data-widget_type=\"spacer.default\">\n\t\t\t\t<div class=\"elementor-widget-container\">\n\t\t\t<style>\/*! elementor - v3.8.1 - 13-11-2022 *\/\n.elementor-column .elementor-spacer-inner{height:var(--spacer-size)}.e-con{--container-widget-width:100%}.e-con-inner>.elementor-widget-spacer,.e-con>.elementor-widget-spacer{width:var(--container-widget-width,var(--spacer-size));-ms-flex-item-align:stretch;align-self:stretch;-ms-flex-negative:0;flex-shrink:0}.e-con-inner>.elementor-widget-spacer>.elementor-widget-container,.e-con-inner>.elementor-widget-spacer>.elementor-widget-container>.elementor-spacer,.e-con>.elementor-widget-spacer>.elementor-widget-container,.e-con>.elementor-widget-spacer>.elementor-widget-container>.elementor-spacer{height:100%}.e-con-inner>.elementor-widget-spacer>.elementor-widget-container>.elementor-spacer>.elementor-spacer-inner,.e-con>.elementor-widget-spacer>.elementor-widget-container>.elementor-spacer>.elementor-spacer-inner{height:var(--container-widget-height,var(--spacer-size))}<\/style>\t\t<div class=\"elementor-spacer\">\n\t\t\t<div class=\"elementor-spacer-inner\"><\/div>\n\t\t<\/div>\n\t\t\t\t<\/div>\n\t\t\t\t<\/div>\n\t\t\t\t\t<\/div>\n\t\t<\/div>\n\t\t\t\t\t\t\t<\/div>\n\t\t<\/section>\n\t\t\t\t<section class=\"elementor-section elementor-top-section elementor-element elementor-element-d775d75 elementor-section-boxed elementor-section-height-default elementor-section-height-default\" data-id=\"d775d75\" data-element_type=\"section\" data-settings=\"{&quot;background_background&quot;:&quot;classic&quot;}\">\n\t\t\t\t\t\t<div class=\"elementor-container elementor-column-gap-default\">\n\t\t\t\t\t<div class=\"elementor-column elementor-col-100 elementor-top-column elementor-element elementor-element-667a304\" data-id=\"667a304\" data-element_type=\"column\">\n\t\t\t<div class=\"elementor-widget-wrap elementor-element-populated\">\n\t\t\t\t\t\t\t\t<section class=\"elementor-section elementor-inner-section elementor-element elementor-element-5f743c7 elementor-section-boxed elementor-section-height-default elementor-section-height-default\" data-id=\"5f743c7\" data-element_type=\"section\" data-settings=\"{&quot;background_background&quot;:&quot;gradient&quot;}\">\n\t\t\t\t\t\t<div class=\"elementor-container elementor-column-gap-default\">\n\t\t\t\t\t<div class=\"elementor-column elementor-col-100 elementor-inner-column elementor-element elementor-element-e55dbbe\" data-id=\"e55dbbe\" data-element_type=\"column\">\n\t\t\t<div class=\"elementor-widget-wrap elementor-element-populated\">\n\t\t\t\t\t\t\t\t<div class=\"elementor-element elementor-element-861fa87 elementor-widget__width-initial elementor-widget-tablet__width-initial elementor-widget elementor-widget-text-editor\" data-id=\"861fa87\" data-element_type=\"widget\" data-widget_type=\"text-editor.default\">\n\t\t\t\t<div class=\"elementor-widget-container\">\n\t\t\t\t\t\t\t<p>La extracci\u00f3n quir\u00fargica del timo mejora los s\u00edntomas de la miastenia, y disminuye la necesidad de internaciones y el uso de f\u00e1rmacos inmunosupresores.<\/p>\t\t\t\t\t\t<\/div>\n\t\t\t\t<\/div>\n\t\t\t\t\t<\/div>\n\t\t<\/div>\n\t\t\t\t\t\t\t<\/div>\n\t\t<\/section>\n\t\t\t\t<section class=\"elementor-section elementor-inner-section elementor-element elementor-element-31fab80 elementor-section-boxed elementor-section-height-default elementor-section-height-default\" data-id=\"31fab80\" data-element_type=\"section\">\n\t\t\t\t\t\t<div class=\"elementor-container elementor-column-gap-default\">\n\t\t\t\t\t<div class=\"elementor-column elementor-col-50 elementor-inner-column elementor-element elementor-element-4908120\" data-id=\"4908120\" data-element_type=\"column\">\n\t\t\t<div class=\"elementor-widget-wrap elementor-element-populated\">\n\t\t\t\t\t\t\t\t<div class=\"elementor-element elementor-element-c1838d7 elementor-widget elementor-widget-image\" data-id=\"c1838d7\" data-element_type=\"widget\" data-widget_type=\"image.default\">\n\t\t\t\t<div class=\"elementor-widget-container\">\n\t\t\t\t\t\t\t\t\t\t\t\t\t\t\t<img decoding=\"async\" width=\"404\" height=\"283\" src=\"https:\/\/centrodemiastenia.com\/pacientes\/wp-content\/uploads\/sites\/2\/2022\/10\/Ilus_timectomia.png\" class=\"attachment-full size-full\" alt=\"\" loading=\"lazy\" srcset=\"https:\/\/centrodemiastenia.com\/pacientes\/wp-content\/uploads\/sites\/2\/2022\/10\/Ilus_timectomia.png 404w, https:\/\/centrodemiastenia.com\/pacientes\/wp-content\/uploads\/sites\/2\/2022\/10\/Ilus_timectomia-300x210.png 300w\" sizes=\"(max-width: 404px) 100vw, 404px\" \/>\t\t\t\t\t\t\t\t\t\t\t\t\t\t\t<\/div>\n\t\t\t\t<\/div>\n\t\t\t\t\t<\/div>\n\t\t<\/div>\n\t\t\t\t<div class=\"elementor-column elementor-col-50 elementor-inner-column elementor-element elementor-element-ae26224\" data-id=\"ae26224\" data-element_type=\"column\">\n\t\t\t<div class=\"elementor-widget-wrap elementor-element-populated\">\n\t\t\t\t\t\t\t\t<div class=\"elementor-element elementor-element-deabcf6 elementor-widget elementor-widget-text-editor\" data-id=\"deabcf6\" data-element_type=\"widget\" data-widget_type=\"text-editor.default\">\n\t\t\t\t<div class=\"elementor-widget-container\">\n\t\t\t\t\t\t\t<p>\u2022 La timectom\u00eda est\u00e1 siempre indicada cuando se sospecha timoma; de lo contrario, la timectom\u00eda es recomendada para las personas con MG generalizada moderada a severa, con edad entre 18 y 50 a\u00f1os y AChRA positivos. <br \/>\u2022 Si en lugar de anticuerpos AChRA se detectan anticuerpos anti MuSK, no parece haber beneficio claro con la timectom\u00eda.<br \/>\u2022 Se aconseja la cirug\u00eda temprana, poco tiempo despu\u00e9s del diagn\u00f3stico de miastenia, para que los resultados sean \u00f3ptimos. Los beneficios no son inmediatos y se debe esperar algunos meses, mientras el sistema inmunitario se ajusta a los cambios.<\/p>\t\t\t\t\t\t<\/div>\n\t\t\t\t<\/div>\n\t\t\t\t\t<\/div>\n\t\t<\/div>\n\t\t\t\t\t\t\t<\/div>\n\t\t<\/section>\n\t\t\t\t<div class=\"elementor-element elementor-element-3584d10 elementor-widget elementor-widget-spacer\" data-id=\"3584d10\" data-element_type=\"widget\" data-widget_type=\"spacer.default\">\n\t\t\t\t<div class=\"elementor-widget-container\">\n\t\t\t\t\t<div class=\"elementor-spacer\">\n\t\t\t<div class=\"elementor-spacer-inner\"><\/div>\n\t\t<\/div>\n\t\t\t\t<\/div>\n\t\t\t\t<\/div>\n\t\t\t\t\t<\/div>\n\t\t<\/div>\n\t\t\t\t\t\t\t<\/div>\n\t\t<\/section>\n\t\t\t\t\t\t\t<\/div>\n\t\t","protected":false},"excerpt":{"rendered":"<p>TIMECTOM\u00cdA (CIRUG\u00cdA) \u2022 La timectom\u00eda es la cirug\u00eda para extraer el timo, la gl\u00e1ndula ubicada detr\u00e1s del estern\u00f3n, en la parte alta del t\u00f3rax. \u2022 El timo forma parte del sistema inmunitario y en las personas con MG, est\u00e1 involucrado en la estimulaci\u00f3n de la producci\u00f3n de AChRA. En cerca del 70% de los pacientes, [&hellip;]<\/p>\n","protected":false},"author":1,"featured_media":0,"parent":0,"menu_order":0,"comment_status":"closed","ping_status":"closed","template":"","meta":{"inline_featured_image":false},"_links":{"self":[{"href":"https:\/\/centrodemiastenia.com\/pacientes\/wp-json\/wp\/v2\/pages\/617"}],"collection":[{"href":"https:\/\/centrodemiastenia.com\/pacientes\/wp-json\/wp\/v2\/pages"}],"about":[{"href":"https:\/\/centrodemiastenia.com\/pacientes\/wp-json\/wp\/v2\/types\/page"}],"author":[{"embeddable":true,"href":"https:\/\/centrodemiastenia.com\/pacientes\/wp-json\/wp\/v2\/users\/1"}],"replies":[{"embeddable":true,"href":"https:\/\/centrodemiastenia.com\/pacientes\/wp-json\/wp\/v2\/comments?post=617"}],"version-history":[{"count":16,"href":"https:\/\/centrodemiastenia.com\/pacientes\/wp-json\/wp\/v2\/pages\/617\/revisions"}],"predecessor-version":[{"id":667,"href":"https:\/\/centrodemiastenia.com\/pacientes\/wp-json\/wp\/v2\/pages\/617\/revisions\/667"}],"wp:attachment":[{"href":"https:\/\/centrodemiastenia.com\/pacientes\/wp-json\/wp\/v2\/media?parent=617"}],"curies":[{"name":"wp","href":"https:\/\/api.w.org\/{rel}","templated":true}]}}