{"id":337,"date":"2022-10-19T19:02:53","date_gmt":"2022-10-19T19:02:53","guid":{"rendered":"https:\/\/centrodemiastenia.com\/pacientes\/?page_id=337"},"modified":"2022-11-16T18:58:08","modified_gmt":"2022-11-16T18:58:08","slug":"diagnostico","status":"publish","type":"page","link":"https:\/\/centrodemiastenia.com\/pacientes\/diagnostico\/","title":{"rendered":"Diagn\u00f3stico"},"content":{"rendered":"\t\t<div data-elementor-type=\"wp-page\" data-elementor-id=\"337\" class=\"elementor elementor-337\">\n\t\t\t\t\t\t\t\t\t<section class=\"elementor-section elementor-top-section elementor-element elementor-element-07ebe09 elementor-section-height-min-height elementor-hidden-desktop elementor-hidden-tablet elementor-section-boxed elementor-section-height-default elementor-section-items-middle\" data-id=\"07ebe09\" data-element_type=\"section\" id=\"miastenia\" data-settings=\"{&quot;background_background&quot;:&quot;classic&quot;}\">\n\t\t\t\t\t\t\t<div class=\"elementor-background-overlay\"><\/div>\n\t\t\t\t\t\t\t<div class=\"elementor-container elementor-column-gap-default\">\n\t\t\t\t\t<div class=\"elementor-column elementor-col-100 elementor-top-column elementor-element elementor-element-9685794\" data-id=\"9685794\" data-element_type=\"column\">\n\t\t\t<div class=\"elementor-widget-wrap elementor-element-populated\">\n\t\t\t\t\t\t\t\t<div class=\"elementor-element elementor-element-24246b4 elementor-widget elementor-widget-image\" data-id=\"24246b4\" data-element_type=\"widget\" data-widget_type=\"image.default\">\n\t\t\t\t<div class=\"elementor-widget-container\">\n\t\t\t<style>\/*! elementor - v3.8.1 - 13-11-2022 *\/\n.elementor-widget-image{text-align:center}.elementor-widget-image a{display:inline-block}.elementor-widget-image a img[src$=\".svg\"]{width:48px}.elementor-widget-image img{vertical-align:middle;display:inline-block}<\/style>\t\t\t\t\t\t\t\t\t\t\t\t<img decoding=\"async\" width=\"1770\" height=\"314\" src=\"https:\/\/centrodemiastenia.com\/pacientes\/wp-content\/uploads\/sites\/2\/2022\/10\/Component-1-\u2013-1-e1666120104666.png\" class=\"attachment-full size-full\" alt=\"\" loading=\"lazy\" srcset=\"https:\/\/centrodemiastenia.com\/pacientes\/wp-content\/uploads\/sites\/2\/2022\/10\/Component-1-\u2013-1-e1666120104666.png 1770w, https:\/\/centrodemiastenia.com\/pacientes\/wp-content\/uploads\/sites\/2\/2022\/10\/Component-1-\u2013-1-e1666120104666-300x53.png 300w, https:\/\/centrodemiastenia.com\/pacientes\/wp-content\/uploads\/sites\/2\/2022\/10\/Component-1-\u2013-1-e1666120104666-1024x182.png 1024w, https:\/\/centrodemiastenia.com\/pacientes\/wp-content\/uploads\/sites\/2\/2022\/10\/Component-1-\u2013-1-e1666120104666-768x136.png 768w, https:\/\/centrodemiastenia.com\/pacientes\/wp-content\/uploads\/sites\/2\/2022\/10\/Component-1-\u2013-1-e1666120104666-1536x272.png 1536w\" sizes=\"(max-width: 1770px) 100vw, 1770px\" \/>\t\t\t\t\t\t\t\t\t\t\t\t\t\t\t<\/div>\n\t\t\t\t<\/div>\n\t\t\t\t\t<\/div>\n\t\t<\/div>\n\t\t\t\t\t\t\t<\/div>\n\t\t<\/section>\n\t\t\t\t<section class=\"elementor-section elementor-top-section elementor-element elementor-element-576d1b2 elementor-section-height-min-height elementor-section-items-bottom elementor-hidden-mobile elementor-section-boxed elementor-section-height-default\" data-id=\"576d1b2\" data-element_type=\"section\" id=\"miastenia\" data-settings=\"{&quot;background_background&quot;:&quot;classic&quot;}\">\n\t\t\t\t\t\t\t<div class=\"elementor-background-overlay\"><\/div>\n\t\t\t\t\t\t\t<div class=\"elementor-container elementor-column-gap-default\">\n\t\t\t\t\t<div class=\"elementor-column elementor-col-100 elementor-top-column elementor-element elementor-element-3e966a0\" data-id=\"3e966a0\" data-element_type=\"column\">\n\t\t\t<div class=\"elementor-widget-wrap elementor-element-populated\">\n\t\t\t\t\t\t\t\t<div class=\"elementor-element elementor-element-7a767a2 elementor-widget elementor-widget-image\" data-id=\"7a767a2\" data-element_type=\"widget\" data-widget_type=\"image.default\">\n\t\t\t\t<div class=\"elementor-widget-container\">\n\t\t\t\t\t\t\t\t\t\t\t\t\t\t\t<img decoding=\"async\" width=\"1770\" height=\"314\" src=\"https:\/\/centrodemiastenia.com\/pacientes\/wp-content\/uploads\/sites\/2\/2022\/10\/Component-1-\u2013-1-e1666120104666.png\" class=\"attachment-full size-full\" alt=\"\" loading=\"lazy\" srcset=\"https:\/\/centrodemiastenia.com\/pacientes\/wp-content\/uploads\/sites\/2\/2022\/10\/Component-1-\u2013-1-e1666120104666.png 1770w, https:\/\/centrodemiastenia.com\/pacientes\/wp-content\/uploads\/sites\/2\/2022\/10\/Component-1-\u2013-1-e1666120104666-300x53.png 300w, https:\/\/centrodemiastenia.com\/pacientes\/wp-content\/uploads\/sites\/2\/2022\/10\/Component-1-\u2013-1-e1666120104666-1024x182.png 1024w, https:\/\/centrodemiastenia.com\/pacientes\/wp-content\/uploads\/sites\/2\/2022\/10\/Component-1-\u2013-1-e1666120104666-768x136.png 768w, https:\/\/centrodemiastenia.com\/pacientes\/wp-content\/uploads\/sites\/2\/2022\/10\/Component-1-\u2013-1-e1666120104666-1536x272.png 1536w\" sizes=\"(max-width: 1770px) 100vw, 1770px\" \/>\t\t\t\t\t\t\t\t\t\t\t\t\t\t\t<\/div>\n\t\t\t\t<\/div>\n\t\t\t\t\t<\/div>\n\t\t<\/div>\n\t\t\t\t\t\t\t<\/div>\n\t\t<\/section>\n\t\t\t\t<section class=\"elementor-section elementor-top-section elementor-element elementor-element-70539da elementor-section-boxed elementor-section-height-default elementor-section-height-default\" data-id=\"70539da\" data-element_type=\"section\">\n\t\t\t\t\t\t<div class=\"elementor-container elementor-column-gap-default\">\n\t\t\t\t\t<div class=\"elementor-column elementor-col-100 elementor-top-column elementor-element elementor-element-7ce1a16\" data-id=\"7ce1a16\" data-element_type=\"column\">\n\t\t\t<div class=\"elementor-widget-wrap elementor-element-populated\">\n\t\t\t\t\t\t\t\t<div class=\"elementor-element elementor-element-50e94991 elementor-widget elementor-widget-heading\" data-id=\"50e94991\" data-element_type=\"widget\" data-widget_type=\"heading.default\">\n\t\t\t\t<div class=\"elementor-widget-container\">\n\t\t\t<style>\/*! elementor - v3.8.1 - 13-11-2022 *\/\n.elementor-heading-title{padding:0;margin:0;line-height:1}.elementor-widget-heading .elementor-heading-title[class*=elementor-size-]>a{color:inherit;font-size:inherit;line-height:inherit}.elementor-widget-heading .elementor-heading-title.elementor-size-small{font-size:15px}.elementor-widget-heading .elementor-heading-title.elementor-size-medium{font-size:19px}.elementor-widget-heading .elementor-heading-title.elementor-size-large{font-size:29px}.elementor-widget-heading .elementor-heading-title.elementor-size-xl{font-size:39px}.elementor-widget-heading .elementor-heading-title.elementor-size-xxl{font-size:59px}<\/style><h2 class=\"elementor-heading-title elementor-size-default\">\u00bfC\u00d3MO S\u00c9 QUE MI DIAGN\u00d3STICO ES MIASTENIA GRAVIS?<\/h2>\t\t<\/div>\n\t\t\t\t<\/div>\n\t\t\t\t<section class=\"elementor-section elementor-inner-section elementor-element elementor-element-2aa3db0 elementor-section-boxed elementor-section-height-default elementor-section-height-default\" data-id=\"2aa3db0\" data-element_type=\"section\">\n\t\t\t\t\t\t<div class=\"elementor-container elementor-column-gap-default\">\n\t\t\t\t\t<div class=\"elementor-column elementor-col-50 elementor-inner-column elementor-element elementor-element-43c43ea\" data-id=\"43c43ea\" data-element_type=\"column\">\n\t\t\t<div class=\"elementor-widget-wrap elementor-element-populated\">\n\t\t\t\t\t\t\t\t<div class=\"elementor-element elementor-element-b71613e elementor-widget elementor-widget-image\" data-id=\"b71613e\" data-element_type=\"widget\" data-widget_type=\"image.default\">\n\t\t\t\t<div class=\"elementor-widget-container\">\n\t\t\t\t\t\t\t\t\t\t\t\t\t\t\t<img decoding=\"async\" width=\"507\" height=\"366\" src=\"https:\/\/centrodemiastenia.com\/pacientes\/wp-content\/uploads\/sites\/2\/2022\/10\/Ilus_historia.svg\" class=\"attachment-full size-full\" alt=\"\" loading=\"lazy\" \/>\t\t\t\t\t\t\t\t\t\t\t\t\t\t\t<\/div>\n\t\t\t\t<\/div>\n\t\t\t\t\t<\/div>\n\t\t<\/div>\n\t\t\t\t<div class=\"elementor-column elementor-col-50 elementor-inner-column elementor-element elementor-element-36bcbfe\" data-id=\"36bcbfe\" data-element_type=\"column\">\n\t\t\t<div class=\"elementor-widget-wrap elementor-element-populated\">\n\t\t\t\t\t\t\t\t<div class=\"elementor-element elementor-element-82c6774 elementor-widget elementor-widget-heading\" data-id=\"82c6774\" data-element_type=\"widget\" data-widget_type=\"heading.default\">\n\t\t\t\t<div class=\"elementor-widget-container\">\n\t\t\t<h2 class=\"elementor-heading-title elementor-size-default\">HISTORIA CL\u00cdNICA<\/h2>\t\t<\/div>\n\t\t\t\t<\/div>\n\t\t\t\t<div class=\"elementor-element elementor-element-1062499d elementor-widget elementor-widget-text-editor\" data-id=\"1062499d\" data-element_type=\"widget\" data-widget_type=\"text-editor.default\">\n\t\t\t\t<div class=\"elementor-widget-container\">\n\t\t\t<style>\/*! elementor - v3.8.1 - 13-11-2022 *\/\n.elementor-widget-text-editor.elementor-drop-cap-view-stacked .elementor-drop-cap{background-color:#818a91;color:#fff}.elementor-widget-text-editor.elementor-drop-cap-view-framed .elementor-drop-cap{color:#818a91;border:3px solid;background-color:transparent}.elementor-widget-text-editor:not(.elementor-drop-cap-view-default) .elementor-drop-cap{margin-top:8px}.elementor-widget-text-editor:not(.elementor-drop-cap-view-default) .elementor-drop-cap-letter{width:1em;height:1em}.elementor-widget-text-editor .elementor-drop-cap{float:left;text-align:center;line-height:1;font-size:50px}.elementor-widget-text-editor .elementor-drop-cap-letter{display:inline-block}<\/style>\t\t\t\t<p>\u2022 El primer paso es conocer todos los <strong>s\u00edntomas y antecedentes,<\/strong> y los resultados del <strong>examen f\u00edsico<\/strong> por el m\u00e9dico.<\/p><p>\u2022 La <b>debilidad fluctuante (fatigabilidad)<\/b> de la MG es <b>caracter\u00edstica <\/b>y este es un punto muy importante para el diagn\u00f3stico. (Ver la Secci\u00f3n <b>\u00bfQu\u00e9 sienten las personas con miastenia?<\/b>)<b>.<\/b><\/p><p>\u00a0<\/p>\t\t\t\t\t\t<\/div>\n\t\t\t\t<\/div>\n\t\t\t\t\t<\/div>\n\t\t<\/div>\n\t\t\t\t\t\t\t<\/div>\n\t\t<\/section>\n\t\t\t\t<section class=\"elementor-section elementor-inner-section elementor-element elementor-element-8ef3415 elementor-section-boxed elementor-section-height-default elementor-section-height-default\" data-id=\"8ef3415\" data-element_type=\"section\">\n\t\t\t\t\t\t<div class=\"elementor-container elementor-column-gap-default\">\n\t\t\t\t\t<div class=\"elementor-column elementor-col-100 elementor-inner-column elementor-element elementor-element-d06ab8d\" data-id=\"d06ab8d\" data-element_type=\"column\">\n\t\t\t<div class=\"elementor-widget-wrap elementor-element-populated\">\n\t\t\t\t\t\t\t\t<div class=\"elementor-element elementor-element-59bf32f elementor-widget elementor-widget-heading\" data-id=\"59bf32f\" data-element_type=\"widget\" data-widget_type=\"heading.default\">\n\t\t\t\t<div class=\"elementor-widget-container\">\n\t\t\t<h2 class=\"elementor-heading-title elementor-size-default\">PRUEBA DEL HIELO<\/h2>\t\t<\/div>\n\t\t\t\t<\/div>\n\t\t\t\t<div class=\"elementor-element elementor-element-080ba70 elementor-widget elementor-widget-text-editor\" data-id=\"080ba70\" data-element_type=\"widget\" data-widget_type=\"text-editor.default\">\n\t\t\t\t<div class=\"elementor-widget-container\">\n\t\t\t\t\t\t\t<p>\u2022 Una prueba que puede realizarse en el consultorio es colocar una <b>bolsa con hielo<\/b> sobre el p\u00e1rpado ca\u00eddo, por unos minutos; por <b>efecto del fr\u00edo<\/b>, el p\u00e1rpado se levanta m\u00e1s, en caso de MG.<\/p><p>\u2022 A veces, esta prueba simple y r\u00e1pida aporta un dato adicional.<\/p>\t\t\t\t\t\t<\/div>\n\t\t\t\t<\/div>\n\t\t\t\t\t<\/div>\n\t\t<\/div>\n\t\t\t\t\t\t\t<\/div>\n\t\t<\/section>\n\t\t\t\t<section class=\"elementor-section elementor-inner-section elementor-element elementor-element-c9cfea6 elementor-section-boxed elementor-section-height-default elementor-section-height-default\" data-id=\"c9cfea6\" data-element_type=\"section\">\n\t\t\t\t\t\t<div class=\"elementor-container elementor-column-gap-default\">\n\t\t\t\t\t<div class=\"elementor-column elementor-col-100 elementor-inner-column elementor-element elementor-element-4da27b0\" data-id=\"4da27b0\" data-element_type=\"column\">\n\t\t\t<div class=\"elementor-widget-wrap elementor-element-populated\">\n\t\t\t\t\t\t\t\t<div class=\"elementor-element elementor-element-fe9e56f elementor-widget elementor-widget-heading\" data-id=\"fe9e56f\" data-element_type=\"widget\" data-widget_type=\"heading.default\">\n\t\t\t\t<div class=\"elementor-widget-container\">\n\t\t\t<h2 class=\"elementor-heading-title elementor-size-default\">TEST DE EDROFONIO<\/h2>\t\t<\/div>\n\t\t\t\t<\/div>\n\t\t\t\t<div class=\"elementor-element elementor-element-e56cf4a elementor-widget elementor-widget-text-editor\" data-id=\"e56cf4a\" data-element_type=\"widget\" data-widget_type=\"text-editor.default\">\n\t\t\t\t<div class=\"elementor-widget-container\">\n\t\t\t\t\t\t\t<p>\u2022 Para esta prueba, se administra un f\u00e1rmaco llamado ed<b>rofonio (Tensilon\u00ae)<\/b>, en una vena. El f\u00e1rmaco act\u00faa en pocos minutos, aumentando el efecto de la acetilcolina, la sustancia qu\u00edmica que transmite la se\u00f1al del nervio al m\u00fasculo para que se contraiga.<\/p><p>\u2022 La prueba es <b>positiva<\/b> si la <b>debilidad de un m\u00fasculo mejora<\/b> a los pocos minutos de inyectar el edrofonio. Es muy \u00fatil para evaluar la debilidad de los p\u00e1rpados.<\/p><p>\u2022 Esta prueba debe realizarse en un centro de atenci\u00f3n equipado para brindar asistencia de urgencia porque el f\u00e1rmaco puede causar efectos secundarios severos.<\/p>\t\t\t\t\t\t<\/div>\n\t\t\t\t<\/div>\n\t\t\t\t\t<\/div>\n\t\t<\/div>\n\t\t\t\t\t\t\t<\/div>\n\t\t<\/section>\n\t\t\t\t<section class=\"elementor-section elementor-inner-section elementor-element elementor-element-1ac9d5d elementor-section-boxed elementor-section-height-default elementor-section-height-default\" data-id=\"1ac9d5d\" data-element_type=\"section\">\n\t\t\t\t\t\t<div class=\"elementor-container elementor-column-gap-default\">\n\t\t\t\t\t<div class=\"elementor-column elementor-col-50 elementor-inner-column elementor-element elementor-element-25aaba5\" data-id=\"25aaba5\" data-element_type=\"column\">\n\t\t\t<div class=\"elementor-widget-wrap elementor-element-populated\">\n\t\t\t\t\t\t\t\t<div class=\"elementor-element elementor-element-3c22580 elementor-widget elementor-widget-heading\" data-id=\"3c22580\" data-element_type=\"widget\" data-widget_type=\"heading.default\">\n\t\t\t\t<div class=\"elementor-widget-container\">\n\t\t\t<h2 class=\"elementor-heading-title elementor-size-default\">PRUEBAS DE LABORATORIO<\/h2>\t\t<\/div>\n\t\t\t\t<\/div>\n\t\t\t\t<div class=\"elementor-element elementor-element-d2e1d19 elementor-widget elementor-widget-text-editor\" data-id=\"d2e1d19\" data-element_type=\"widget\" data-widget_type=\"text-editor.default\">\n\t\t\t\t<div class=\"elementor-widget-container\">\n\t\t\t\t\t\t\t<p>\u2022 La detecci\u00f3n de autoanticuerpos en sangre es la principal prueba de laboratorio.<\/p><p>\u2022 La prueba para anticuerpos (Ac) <b>AChRA <\/b>es <b>muy espec\u00edfica<\/b> y cuando es <b>positiva, confirma el diagn\u00f3stico de MG.<\/b><\/p><p>\u2022 En la gran mayor\u00eda de las personas con MG se encuentran <b>Ac AChRA<\/b> positivos y en un porcentaje mucho menor, se detectan otros autoanticuerpos llamados <b>Ac anti MuSK<\/b>.<\/p>\t\t\t\t\t\t<\/div>\n\t\t\t\t<\/div>\n\t\t\t\t\t<\/div>\n\t\t<\/div>\n\t\t\t\t<div class=\"elementor-column elementor-col-50 elementor-inner-column elementor-element elementor-element-2d2686a\" data-id=\"2d2686a\" data-element_type=\"column\">\n\t\t\t<div class=\"elementor-widget-wrap elementor-element-populated\">\n\t\t\t\t\t\t\t\t<div class=\"elementor-element elementor-element-832a95a elementor-widget elementor-widget-image\" data-id=\"832a95a\" data-element_type=\"widget\" data-widget_type=\"image.default\">\n\t\t\t\t<div class=\"elementor-widget-container\">\n\t\t\t\t\t\t\t\t\t\t\t\t\t\t\t<img decoding=\"async\" width=\"574\" height=\"412\" src=\"https:\/\/centrodemiastenia.com\/pacientes\/wp-content\/uploads\/sites\/2\/2022\/10\/Ilus_Laboratorio.svg\" class=\"attachment-full size-full\" alt=\"\" loading=\"lazy\" \/>\t\t\t\t\t\t\t\t\t\t\t\t\t\t\t<\/div>\n\t\t\t\t<\/div>\n\t\t\t\t\t<\/div>\n\t\t<\/div>\n\t\t\t\t\t\t\t<\/div>\n\t\t<\/section>\n\t\t\t\t<div class=\"elementor-element elementor-element-5634471 elementor-widget elementor-widget-text-editor\" data-id=\"5634471\" data-element_type=\"widget\" data-widget_type=\"text-editor.default\">\n\t\t\t\t<div class=\"elementor-widget-container\">\n\t\t\t\t\t\t\t<p>\u2022 Un peque\u00f1o grupo de pacientes no tienen ning\u00fan Ac detectable en sangre con las pruebas de laboratorio disponibles (se les llama \u201c<b>seronegativos<\/b>\u201d). Ocasionalmente, pueden ser positivos los AC AChRA y anti MuSK en un mismo paciente.o paciente.<\/p>\t\t\t\t\t\t<\/div>\n\t\t\t\t<\/div>\n\t\t\t\t\t<\/div>\n\t\t<\/div>\n\t\t\t\t\t\t\t<\/div>\n\t\t<\/section>\n\t\t\t\t<section class=\"elementor-section elementor-top-section elementor-element elementor-element-27fd2b5 elementor-section-boxed elementor-section-height-default elementor-section-height-default\" data-id=\"27fd2b5\" data-element_type=\"section\">\n\t\t\t\t\t\t<div class=\"elementor-container elementor-column-gap-default\">\n\t\t\t\t\t<div class=\"elementor-column elementor-col-100 elementor-top-column elementor-element elementor-element-3b8f829\" data-id=\"3b8f829\" data-element_type=\"column\">\n\t\t\t<div class=\"elementor-widget-wrap elementor-element-populated\">\n\t\t\t\t\t\t\t\t<section class=\"elementor-section elementor-inner-section elementor-element elementor-element-a9084aa elementor-section-boxed elementor-section-height-default elementor-section-height-default\" data-id=\"a9084aa\" data-element_type=\"section\">\n\t\t\t\t\t\t<div class=\"elementor-container elementor-column-gap-default\">\n\t\t\t\t\t<div class=\"elementor-column elementor-col-100 elementor-inner-column elementor-element elementor-element-be907ef\" data-id=\"be907ef\" data-element_type=\"column\">\n\t\t\t<div class=\"elementor-widget-wrap elementor-element-populated\">\n\t\t\t\t\t\t\t\t<div class=\"elementor-element elementor-element-e73eb95 elementor-widget elementor-widget-heading\" data-id=\"e73eb95\" data-element_type=\"widget\" data-widget_type=\"heading.default\">\n\t\t\t\t<div class=\"elementor-widget-container\">\n\t\t\t<h3 class=\"elementor-heading-title elementor-size-default\">PORCENTAJE DE ANTICUEPOS (AC) POSITIVOS EN LA MIASTENIA GRAVIS\n<\/h3>\t\t<\/div>\n\t\t\t\t<\/div>\n\t\t\t\t<div class=\"elementor-element elementor-element-ee12da7 elementor-widget elementor-widget-image\" data-id=\"ee12da7\" data-element_type=\"widget\" data-widget_type=\"image.default\">\n\t\t\t\t<div class=\"elementor-widget-container\">\n\t\t\t\t\t\t\t\t\t\t\t\t\t\t\t<img decoding=\"async\" width=\"792\" height=\"452\" src=\"https:\/\/centrodemiastenia.com\/pacientes\/wp-content\/uploads\/sites\/2\/2022\/10\/Grafico_torta.png\" class=\"attachment-large size-large\" alt=\"\" loading=\"lazy\" srcset=\"https:\/\/centrodemiastenia.com\/pacientes\/wp-content\/uploads\/sites\/2\/2022\/10\/Grafico_torta.png 792w, https:\/\/centrodemiastenia.com\/pacientes\/wp-content\/uploads\/sites\/2\/2022\/10\/Grafico_torta-300x171.png 300w, https:\/\/centrodemiastenia.com\/pacientes\/wp-content\/uploads\/sites\/2\/2022\/10\/Grafico_torta-768x438.png 768w\" sizes=\"(max-width: 792px) 100vw, 792px\" \/>\t\t\t\t\t\t\t\t\t\t\t\t\t\t\t<\/div>\n\t\t\t\t<\/div>\n\t\t\t\t\t<\/div>\n\t\t<\/div>\n\t\t\t\t\t\t\t<\/div>\n\t\t<\/section>\n\t\t\t\t\t<\/div>\n\t\t<\/div>\n\t\t\t\t\t\t\t<\/div>\n\t\t<\/section>\n\t\t\t\t<section class=\"elementor-section elementor-top-section elementor-element elementor-element-3621411 elementor-section-boxed elementor-section-height-default elementor-section-height-default\" data-id=\"3621411\" data-element_type=\"section\" data-settings=\"{&quot;background_background&quot;:&quot;classic&quot;}\">\n\t\t\t\t\t\t<div class=\"elementor-container elementor-column-gap-default\">\n\t\t\t\t\t<div class=\"elementor-column elementor-col-100 elementor-top-column elementor-element elementor-element-c49fb1a\" data-id=\"c49fb1a\" data-element_type=\"column\">\n\t\t\t<div class=\"elementor-widget-wrap elementor-element-populated\">\n\t\t\t\t\t\t\t\t<div class=\"elementor-element elementor-element-4f7ba19 elementor-widget elementor-widget-heading\" data-id=\"4f7ba19\" data-element_type=\"widget\" data-widget_type=\"heading.default\">\n\t\t\t\t<div class=\"elementor-widget-container\">\n\t\t\t<h3 class=\"elementor-heading-title elementor-size-default\">Buscar la presencia de autoanticuerpos en sangre es importante no solo para el diagn\u00f3stico, sino tambi\u00e9n para el tratamiento.<\/h3>\t\t<\/div>\n\t\t\t\t<\/div>\n\t\t\t\t\t<\/div>\n\t\t<\/div>\n\t\t\t\t\t\t\t<\/div>\n\t\t<\/section>\n\t\t\t\t<section class=\"elementor-section elementor-top-section elementor-element elementor-element-90cd53b elementor-section-boxed elementor-section-height-default elementor-section-height-default\" data-id=\"90cd53b\" data-element_type=\"section\">\n\t\t\t\t\t\t<div class=\"elementor-container elementor-column-gap-default\">\n\t\t\t\t\t<div class=\"elementor-column elementor-col-100 elementor-top-column elementor-element elementor-element-0db67d4\" data-id=\"0db67d4\" data-element_type=\"column\">\n\t\t\t<div class=\"elementor-widget-wrap elementor-element-populated\">\n\t\t\t\t\t\t\t\t<div class=\"elementor-element elementor-element-d297af3 elementor-widget elementor-widget-heading\" data-id=\"d297af3\" data-element_type=\"widget\" data-widget_type=\"heading.default\">\n\t\t\t\t<div class=\"elementor-widget-container\">\n\t\t\t<h2 class=\"elementor-heading-title elementor-size-default\">PRUEBAS ELECTROFISIOL\u00d3GICAS<\/h2>\t\t<\/div>\n\t\t\t\t<\/div>\n\t\t\t\t<section class=\"elementor-section elementor-inner-section elementor-element elementor-element-cc88470 elementor-section-boxed elementor-section-height-default elementor-section-height-default\" data-id=\"cc88470\" data-element_type=\"section\">\n\t\t\t\t\t\t<div class=\"elementor-container elementor-column-gap-default\">\n\t\t\t\t\t<div class=\"elementor-column elementor-col-50 elementor-inner-column elementor-element elementor-element-e45e72d\" data-id=\"e45e72d\" data-element_type=\"column\">\n\t\t\t<div class=\"elementor-widget-wrap elementor-element-populated\">\n\t\t\t\t\t\t\t\t<div class=\"elementor-element elementor-element-68ebe08 elementor-widget elementor-widget-image\" data-id=\"68ebe08\" data-element_type=\"widget\" data-widget_type=\"image.default\">\n\t\t\t\t<div class=\"elementor-widget-container\">\n\t\t\t\t\t\t\t\t\t\t\t\t\t\t\t<img decoding=\"async\" width=\"594\" height=\"389\" src=\"https:\/\/centrodemiastenia.com\/pacientes\/wp-content\/uploads\/sites\/2\/2022\/10\/Vector-Smart-Object.png\" class=\"attachment-full size-full\" alt=\"\" loading=\"lazy\" srcset=\"https:\/\/centrodemiastenia.com\/pacientes\/wp-content\/uploads\/sites\/2\/2022\/10\/Vector-Smart-Object.png 594w, https:\/\/centrodemiastenia.com\/pacientes\/wp-content\/uploads\/sites\/2\/2022\/10\/Vector-Smart-Object-300x196.png 300w\" sizes=\"(max-width: 594px) 100vw, 594px\" \/>\t\t\t\t\t\t\t\t\t\t\t\t\t\t\t<\/div>\n\t\t\t\t<\/div>\n\t\t\t\t\t<\/div>\n\t\t<\/div>\n\t\t\t\t<div class=\"elementor-column elementor-col-50 elementor-inner-column elementor-element elementor-element-2317a95\" data-id=\"2317a95\" data-element_type=\"column\">\n\t\t\t<div class=\"elementor-widget-wrap elementor-element-populated\">\n\t\t\t\t\t\t\t\t<div class=\"elementor-element elementor-element-43a0136 elementor-widget elementor-widget-text-editor\" data-id=\"43a0136\" data-element_type=\"widget\" data-widget_type=\"text-editor.default\">\n\t\t\t\t<div class=\"elementor-widget-container\">\n\t\t\t\t\t\t\t<p>\u2022 Las pruebas electrofisiol\u00f3gicas eval\u00faan espec\u00edficamente la <b>actividad el\u00e9ctrica neuromuscular<\/b> y qu\u00e9 sucede con la respuesta del m\u00fasculo cuando llega un impulso para que se contraiga.<span style=\"color: var( --e-global-color-text );\">&nbsp;<\/span><\/p><p>\u2022 El estudio de rutina es:<span style=\"color: var( --e-global-color-text );\">&nbsp;<\/span><\/p><p>o <b>Electromiograf\u00eda con estimulaci\u00f3n repetitiva.<\/b><\/p><p>\u2022 Con esta prueba pueden observarse algunas <b>alteraciones caracter\u00edsticas <\/b>de la miastenia gravis que permiten <b>confirmar el diagn\u00f3stico<\/b>, en especial si la prueba para anticuerpos es negativa.<\/p>\n<p><\/p>\t\t\t\t\t\t<\/div>\n\t\t\t\t<\/div>\n\t\t\t\t\t<\/div>\n\t\t<\/div>\n\t\t\t\t\t\t\t<\/div>\n\t\t<\/section>\n\t\t\t\t\t<\/div>\n\t\t<\/div>\n\t\t\t\t\t\t\t<\/div>\n\t\t<\/section>\n\t\t\t\t\t\t\t<\/div>\n\t\t","protected":false},"excerpt":{"rendered":"<p>\u00bfC\u00d3MO S\u00c9 QUE MI DIAGN\u00d3STICO ES MIASTENIA GRAVIS? HISTORIA CL\u00cdNICA \u2022 El primer paso es conocer todos los s\u00edntomas y antecedentes, y los resultados del examen f\u00edsico por el m\u00e9dico. \u2022 La debilidad fluctuante (fatigabilidad) de la MG es caracter\u00edstica y este es un punto muy importante para el diagn\u00f3stico. (Ver la Secci\u00f3n \u00bfQu\u00e9 sienten [&hellip;]<\/p>\n","protected":false},"author":1,"featured_media":0,"parent":0,"menu_order":0,"comment_status":"closed","ping_status":"closed","template":"","meta":{"inline_featured_image":false},"_links":{"self":[{"href":"https:\/\/centrodemiastenia.com\/pacientes\/wp-json\/wp\/v2\/pages\/337"}],"collection":[{"href":"https:\/\/centrodemiastenia.com\/pacientes\/wp-json\/wp\/v2\/pages"}],"about":[{"href":"https:\/\/centrodemiastenia.com\/pacientes\/wp-json\/wp\/v2\/types\/page"}],"author":[{"embeddable":true,"href":"https:\/\/centrodemiastenia.com\/pacientes\/wp-json\/wp\/v2\/users\/1"}],"replies":[{"embeddable":true,"href":"https:\/\/centrodemiastenia.com\/pacientes\/wp-json\/wp\/v2\/comments?post=337"}],"version-history":[{"count":39,"href":"https:\/\/centrodemiastenia.com\/pacientes\/wp-json\/wp\/v2\/pages\/337\/revisions"}],"predecessor-version":[{"id":1183,"href":"https:\/\/centrodemiastenia.com\/pacientes\/wp-json\/wp\/v2\/pages\/337\/revisions\/1183"}],"wp:attachment":[{"href":"https:\/\/centrodemiastenia.com\/pacientes\/wp-json\/wp\/v2\/media?parent=337"}],"curies":[{"name":"wp","href":"https:\/\/api.w.org\/{rel}","templated":true}]}}