{"id":224,"date":"2022-10-18T21:02:35","date_gmt":"2022-10-18T21:02:35","guid":{"rendered":"https:\/\/centrodemiastenia.com\/pacientes\/?page_id=224"},"modified":"2022-11-16T18:57:04","modified_gmt":"2022-11-16T18:57:04","slug":"causa","status":"publish","type":"page","link":"https:\/\/centrodemiastenia.com\/pacientes\/causa\/","title":{"rendered":"Causa"},"content":{"rendered":"\t\t<div data-elementor-type=\"wp-page\" data-elementor-id=\"224\" class=\"elementor elementor-224\">\n\t\t\t\t\t\t\t\t\t<section class=\"elementor-section elementor-top-section elementor-element elementor-element-07ebe09 elementor-section-height-min-height elementor-hidden-desktop elementor-hidden-tablet elementor-section-boxed elementor-section-height-default elementor-section-items-middle\" data-id=\"07ebe09\" data-element_type=\"section\" id=\"miastenia\" data-settings=\"{&quot;background_background&quot;:&quot;classic&quot;}\">\n\t\t\t\t\t\t\t<div class=\"elementor-background-overlay\"><\/div>\n\t\t\t\t\t\t\t<div class=\"elementor-container elementor-column-gap-default\">\n\t\t\t\t\t<div class=\"elementor-column elementor-col-100 elementor-top-column elementor-element elementor-element-9685794\" data-id=\"9685794\" data-element_type=\"column\">\n\t\t\t<div class=\"elementor-widget-wrap elementor-element-populated\">\n\t\t\t\t\t\t\t\t<div class=\"elementor-element elementor-element-24246b4 elementor-widget elementor-widget-image\" data-id=\"24246b4\" data-element_type=\"widget\" data-widget_type=\"image.default\">\n\t\t\t\t<div class=\"elementor-widget-container\">\n\t\t\t<style>\/*! elementor - v3.8.1 - 13-11-2022 *\/\n.elementor-widget-image{text-align:center}.elementor-widget-image a{display:inline-block}.elementor-widget-image a img[src$=\".svg\"]{width:48px}.elementor-widget-image img{vertical-align:middle;display:inline-block}<\/style>\t\t\t\t\t\t\t\t\t\t\t\t<img decoding=\"async\" width=\"1770\" height=\"314\" src=\"https:\/\/centrodemiastenia.com\/pacientes\/wp-content\/uploads\/sites\/2\/2022\/10\/Component-1-\u2013-1-e1666120104666.png\" class=\"attachment-full size-full\" alt=\"\" loading=\"lazy\" srcset=\"https:\/\/centrodemiastenia.com\/pacientes\/wp-content\/uploads\/sites\/2\/2022\/10\/Component-1-\u2013-1-e1666120104666.png 1770w, https:\/\/centrodemiastenia.com\/pacientes\/wp-content\/uploads\/sites\/2\/2022\/10\/Component-1-\u2013-1-e1666120104666-300x53.png 300w, https:\/\/centrodemiastenia.com\/pacientes\/wp-content\/uploads\/sites\/2\/2022\/10\/Component-1-\u2013-1-e1666120104666-1024x182.png 1024w, https:\/\/centrodemiastenia.com\/pacientes\/wp-content\/uploads\/sites\/2\/2022\/10\/Component-1-\u2013-1-e1666120104666-768x136.png 768w, https:\/\/centrodemiastenia.com\/pacientes\/wp-content\/uploads\/sites\/2\/2022\/10\/Component-1-\u2013-1-e1666120104666-1536x272.png 1536w\" sizes=\"(max-width: 1770px) 100vw, 1770px\" \/>\t\t\t\t\t\t\t\t\t\t\t\t\t\t\t<\/div>\n\t\t\t\t<\/div>\n\t\t\t\t\t<\/div>\n\t\t<\/div>\n\t\t\t\t\t\t\t<\/div>\n\t\t<\/section>\n\t\t\t\t<section class=\"elementor-section elementor-top-section elementor-element elementor-element-576d1b2 elementor-section-height-min-height elementor-section-items-bottom elementor-hidden-mobile elementor-section-boxed elementor-section-height-default\" data-id=\"576d1b2\" data-element_type=\"section\" id=\"miastenia\" data-settings=\"{&quot;background_background&quot;:&quot;classic&quot;}\">\n\t\t\t\t\t\t\t<div class=\"elementor-background-overlay\"><\/div>\n\t\t\t\t\t\t\t<div class=\"elementor-container elementor-column-gap-default\">\n\t\t\t\t\t<div class=\"elementor-column elementor-col-100 elementor-top-column elementor-element elementor-element-3e966a0\" data-id=\"3e966a0\" data-element_type=\"column\">\n\t\t\t<div class=\"elementor-widget-wrap elementor-element-populated\">\n\t\t\t\t\t\t\t\t<div class=\"elementor-element elementor-element-7a767a2 elementor-widget elementor-widget-image\" data-id=\"7a767a2\" data-element_type=\"widget\" data-widget_type=\"image.default\">\n\t\t\t\t<div class=\"elementor-widget-container\">\n\t\t\t\t\t\t\t\t\t\t\t\t\t\t\t<img decoding=\"async\" width=\"1770\" height=\"314\" src=\"https:\/\/centrodemiastenia.com\/pacientes\/wp-content\/uploads\/sites\/2\/2022\/10\/Component-1-\u2013-1-e1666120104666.png\" class=\"attachment-full size-full\" alt=\"\" loading=\"lazy\" srcset=\"https:\/\/centrodemiastenia.com\/pacientes\/wp-content\/uploads\/sites\/2\/2022\/10\/Component-1-\u2013-1-e1666120104666.png 1770w, https:\/\/centrodemiastenia.com\/pacientes\/wp-content\/uploads\/sites\/2\/2022\/10\/Component-1-\u2013-1-e1666120104666-300x53.png 300w, https:\/\/centrodemiastenia.com\/pacientes\/wp-content\/uploads\/sites\/2\/2022\/10\/Component-1-\u2013-1-e1666120104666-1024x182.png 1024w, https:\/\/centrodemiastenia.com\/pacientes\/wp-content\/uploads\/sites\/2\/2022\/10\/Component-1-\u2013-1-e1666120104666-768x136.png 768w, https:\/\/centrodemiastenia.com\/pacientes\/wp-content\/uploads\/sites\/2\/2022\/10\/Component-1-\u2013-1-e1666120104666-1536x272.png 1536w\" sizes=\"(max-width: 1770px) 100vw, 1770px\" \/>\t\t\t\t\t\t\t\t\t\t\t\t\t\t\t<\/div>\n\t\t\t\t<\/div>\n\t\t\t\t\t<\/div>\n\t\t<\/div>\n\t\t\t\t\t\t\t<\/div>\n\t\t<\/section>\n\t\t\t\t<section class=\"elementor-section elementor-top-section elementor-element elementor-element-70539da elementor-section-boxed elementor-section-height-default elementor-section-height-default\" data-id=\"70539da\" data-element_type=\"section\">\n\t\t\t\t\t\t<div class=\"elementor-container elementor-column-gap-default\">\n\t\t\t\t\t<div class=\"elementor-column elementor-col-100 elementor-top-column elementor-element elementor-element-7ce1a16\" data-id=\"7ce1a16\" data-element_type=\"column\">\n\t\t\t<div class=\"elementor-widget-wrap elementor-element-populated\">\n\t\t\t\t\t\t\t\t<div class=\"elementor-element elementor-element-50e94991 elementor-widget elementor-widget-heading\" data-id=\"50e94991\" data-element_type=\"widget\" data-widget_type=\"heading.default\">\n\t\t\t\t<div class=\"elementor-widget-container\">\n\t\t\t<style>\/*! elementor - v3.8.1 - 13-11-2022 *\/\n.elementor-heading-title{padding:0;margin:0;line-height:1}.elementor-widget-heading .elementor-heading-title[class*=elementor-size-]>a{color:inherit;font-size:inherit;line-height:inherit}.elementor-widget-heading .elementor-heading-title.elementor-size-small{font-size:15px}.elementor-widget-heading .elementor-heading-title.elementor-size-medium{font-size:19px}.elementor-widget-heading .elementor-heading-title.elementor-size-large{font-size:29px}.elementor-widget-heading .elementor-heading-title.elementor-size-xl{font-size:39px}.elementor-widget-heading .elementor-heading-title.elementor-size-xxl{font-size:59px}<\/style><h2 class=\"elementor-heading-title elementor-size-default\">\u00bfCU\u00c1L ES LA CAUSA DE LA MIASTENIA?<\/h2>\t\t<\/div>\n\t\t\t\t<\/div>\n\t\t\t\t<section class=\"elementor-section elementor-inner-section elementor-element elementor-element-2aa3db0 elementor-section-boxed elementor-section-height-default elementor-section-height-default\" data-id=\"2aa3db0\" data-element_type=\"section\">\n\t\t\t\t\t\t<div class=\"elementor-container elementor-column-gap-default\">\n\t\t\t\t\t<div class=\"elementor-column elementor-col-50 elementor-inner-column elementor-element elementor-element-43c43ea\" data-id=\"43c43ea\" data-element_type=\"column\">\n\t\t\t<div class=\"elementor-widget-wrap elementor-element-populated\">\n\t\t\t\t\t\t\t\t<div class=\"elementor-element elementor-element-b71613e elementor-widget elementor-widget-image\" data-id=\"b71613e\" data-element_type=\"widget\" data-widget_type=\"image.default\">\n\t\t\t\t<div class=\"elementor-widget-container\">\n\t\t\t\t\t\t\t\t\t\t\t\t\t\t\t<img decoding=\"async\" width=\"480\" height=\"393\" src=\"https:\/\/centrodemiastenia.com\/pacientes\/wp-content\/uploads\/sites\/2\/2022\/10\/Ilus_Investigacion.svg\" class=\"attachment-full size-full\" alt=\"\" loading=\"lazy\" \/>\t\t\t\t\t\t\t\t\t\t\t\t\t\t\t<\/div>\n\t\t\t\t<\/div>\n\t\t\t\t\t<\/div>\n\t\t<\/div>\n\t\t\t\t<div class=\"elementor-column elementor-col-50 elementor-inner-column elementor-element elementor-element-36bcbfe\" data-id=\"36bcbfe\" data-element_type=\"column\">\n\t\t\t<div class=\"elementor-widget-wrap elementor-element-populated\">\n\t\t\t\t\t\t\t\t<div class=\"elementor-element elementor-element-1062499d elementor-widget elementor-widget-text-editor\" data-id=\"1062499d\" data-element_type=\"widget\" data-widget_type=\"text-editor.default\">\n\t\t\t\t<div class=\"elementor-widget-container\">\n\t\t\t<style>\/*! elementor - v3.8.1 - 13-11-2022 *\/\n.elementor-widget-text-editor.elementor-drop-cap-view-stacked .elementor-drop-cap{background-color:#818a91;color:#fff}.elementor-widget-text-editor.elementor-drop-cap-view-framed .elementor-drop-cap{color:#818a91;border:3px solid;background-color:transparent}.elementor-widget-text-editor:not(.elementor-drop-cap-view-default) .elementor-drop-cap{margin-top:8px}.elementor-widget-text-editor:not(.elementor-drop-cap-view-default) .elementor-drop-cap-letter{width:1em;height:1em}.elementor-widget-text-editor .elementor-drop-cap{float:left;text-align:center;line-height:1;font-size:50px}.elementor-widget-text-editor .elementor-drop-cap-letter{display:inline-block}<\/style>\t\t\t\t<p>La causa precisa de la miastenia gravis (MG) no se conoce todav\u00eda. Los investigadores saben que algunos genes pueden aumentar las probabilidades de tener MG, pero se necesitan otros factores para que el organismo, en alg\u00fan momento, empiece a producir los autoanticuerpos. Esos factores podr\u00edan ser alguna infecci\u00f3n viral u otros factores del medioambiente, que alteran al sistema inmunitario.<\/p><p>Solamente el <strong>4% a 7%<\/strong> de las personas con MG tienen <strong>antecedentes familiares<\/strong> de la enfermedad; el resto de los casos aparecen aislados.<\/p>\t\t\t\t\t\t<\/div>\n\t\t\t\t<\/div>\n\t\t\t\t\t<\/div>\n\t\t<\/div>\n\t\t\t\t\t\t\t<\/div>\n\t\t<\/section>\n\t\t\t\t\t<\/div>\n\t\t<\/div>\n\t\t\t\t\t\t\t<\/div>\n\t\t<\/section>\n\t\t\t\t<section class=\"elementor-section elementor-top-section elementor-element elementor-element-3cf96dce elementor-section-height-min-height elementor-section-boxed elementor-section-height-default elementor-section-items-middle\" data-id=\"3cf96dce\" data-element_type=\"section\" data-settings=\"{&quot;background_background&quot;:&quot;classic&quot;}\">\n\t\t\t\t\t\t<div class=\"elementor-container elementor-column-gap-default\">\n\t\t\t\t\t<div class=\"elementor-column elementor-col-100 elementor-top-column elementor-element elementor-element-fc71fc5\" data-id=\"fc71fc5\" data-element_type=\"column\">\n\t\t\t<div class=\"elementor-widget-wrap elementor-element-populated\">\n\t\t\t\t\t\t\t\t<div class=\"elementor-element elementor-element-11acf51 elementor-widget elementor-widget-text-editor\" data-id=\"11acf51\" data-element_type=\"widget\" data-widget_type=\"text-editor.default\">\n\t\t\t\t<div class=\"elementor-widget-container\">\n\t\t\t\t\t\t\t<p>La MG es diferente de un grupo de enfermedades cong\u00e9nitas muy poco frecuentes, que se conocen como miastenia cong\u00e9nita. <strong>La miastenia cong\u00e9nita:<\/strong><\/p>\t\t\t\t\t\t<\/div>\n\t\t\t\t<\/div>\n\t\t\t\t<section class=\"elementor-section elementor-inner-section elementor-element elementor-element-43fb410 elementor-section-boxed elementor-section-height-default elementor-section-height-default\" data-id=\"43fb410\" data-element_type=\"section\">\n\t\t\t\t\t\t<div class=\"elementor-container elementor-column-gap-default\">\n\t\t\t\t\t<div class=\"elementor-column elementor-col-33 elementor-inner-column elementor-element elementor-element-5da71ac\" data-id=\"5da71ac\" data-element_type=\"column\">\n\t\t\t<div class=\"elementor-widget-wrap elementor-element-populated\">\n\t\t\t\t\t\t\t\t<div class=\"elementor-element elementor-element-dd4fe4a elementor-widget elementor-widget-image\" data-id=\"dd4fe4a\" data-element_type=\"widget\" data-widget_type=\"image.default\">\n\t\t\t\t<div class=\"elementor-widget-container\">\n\t\t\t\t\t\t\t\t\t\t\t\t\t\t\t<img decoding=\"async\" width=\"90\" height=\"99\" src=\"https:\/\/centrodemiastenia.com\/pacientes\/wp-content\/uploads\/sites\/2\/2022\/10\/Anticuerpo.png\" class=\"attachment-large size-large\" alt=\"\" loading=\"lazy\" \/>\t\t\t\t\t\t\t\t\t\t\t\t\t\t\t<\/div>\n\t\t\t\t<\/div>\n\t\t\t\t<div class=\"elementor-element elementor-element-a16a311 elementor-widget__width-initial elementor-widget elementor-widget-text-editor\" data-id=\"a16a311\" data-element_type=\"widget\" data-widget_type=\"text-editor.default\">\n\t\t\t\t<div class=\"elementor-widget-container\">\n\t\t\t\t\t\t\t<p>No es una enfermedad autoinmune como la MG ni se asocia con autoanticuerpos.<\/p>\t\t\t\t\t\t<\/div>\n\t\t\t\t<\/div>\n\t\t\t\t\t<\/div>\n\t\t<\/div>\n\t\t\t\t<div class=\"elementor-column elementor-col-33 elementor-inner-column elementor-element elementor-element-3c756b3\" data-id=\"3c756b3\" data-element_type=\"column\">\n\t\t\t<div class=\"elementor-widget-wrap elementor-element-populated\">\n\t\t\t\t\t\t\t\t<div class=\"elementor-element elementor-element-98abb6c elementor-widget elementor-widget-image\" data-id=\"98abb6c\" data-element_type=\"widget\" data-widget_type=\"image.default\">\n\t\t\t\t<div class=\"elementor-widget-container\">\n\t\t\t\t\t\t\t\t\t\t\t\t\t\t\t<img decoding=\"async\" width=\"127\" height=\"86\" src=\"https:\/\/centrodemiastenia.com\/pacientes\/wp-content\/uploads\/sites\/2\/2022\/10\/Icono_Neuromus.png\" class=\"attachment-large size-large\" alt=\"\" loading=\"lazy\" \/>\t\t\t\t\t\t\t\t\t\t\t\t\t\t\t<\/div>\n\t\t\t\t<\/div>\n\t\t\t\t<div class=\"elementor-element elementor-element-63e0204 elementor-widget__width-initial elementor-widget elementor-widget-text-editor\" data-id=\"63e0204\" data-element_type=\"widget\" data-widget_type=\"text-editor.default\">\n\t\t\t\t<div class=\"elementor-widget-container\">\n\t\t\t\t\t\t\t<p>Se debe a defectos gen\u00e9ticos en los componentes de la uni\u00f3n neuromuscular.<\/p>\t\t\t\t\t\t<\/div>\n\t\t\t\t<\/div>\n\t\t\t\t\t<\/div>\n\t\t<\/div>\n\t\t\t\t<div class=\"elementor-column elementor-col-33 elementor-inner-column elementor-element elementor-element-75c8cb5\" data-id=\"75c8cb5\" data-element_type=\"column\">\n\t\t\t<div class=\"elementor-widget-wrap elementor-element-populated\">\n\t\t\t\t\t\t\t\t<div class=\"elementor-element elementor-element-2d62ca1 elementor-widget elementor-widget-image\" data-id=\"2d62ca1\" data-element_type=\"widget\" data-widget_type=\"image.default\">\n\t\t\t\t<div class=\"elementor-widget-container\">\n\t\t\t\t\t\t\t\t\t\t\t\t\t\t\t<img decoding=\"async\" width=\"59\" height=\"86\" src=\"https:\/\/centrodemiastenia.com\/pacientes\/wp-content\/uploads\/sites\/2\/2022\/10\/Icono_bebe.png\" class=\"attachment-large size-large\" alt=\"\" loading=\"lazy\" \/>\t\t\t\t\t\t\t\t\t\t\t\t\t\t\t<\/div>\n\t\t\t\t<\/div>\n\t\t\t\t<div class=\"elementor-element elementor-element-d30fc63 elementor-widget__width-initial elementor-widget elementor-widget-text-editor\" data-id=\"d30fc63\" data-element_type=\"widget\" data-widget_type=\"text-editor.default\">\n\t\t\t\t<div class=\"elementor-widget-container\">\n\t\t\t\t\t\t\t<p>Suele aparecer a edad temprana, desde el nacimiento o la infancia.<\/p>\t\t\t\t\t\t<\/div>\n\t\t\t\t<\/div>\n\t\t\t\t\t<\/div>\n\t\t<\/div>\n\t\t\t\t\t\t\t<\/div>\n\t\t<\/section>\n\t\t\t\t<section class=\"elementor-section elementor-inner-section elementor-element elementor-element-2fe8ec5 elementor-section-boxed elementor-section-height-default elementor-section-height-default\" data-id=\"2fe8ec5\" data-element_type=\"section\">\n\t\t\t\t\t\t<div class=\"elementor-container elementor-column-gap-default\">\n\t\t\t\t\t<div class=\"elementor-column elementor-col-50 elementor-inner-column elementor-element elementor-element-7ecaf93\" data-id=\"7ecaf93\" data-element_type=\"column\">\n\t\t\t<div class=\"elementor-widget-wrap elementor-element-populated\">\n\t\t\t\t\t\t\t\t<div class=\"elementor-element elementor-element-dbb4ab1 elementor-widget elementor-widget-image\" data-id=\"dbb4ab1\" data-element_type=\"widget\" data-widget_type=\"image.default\">\n\t\t\t\t<div class=\"elementor-widget-container\">\n\t\t\t\t\t\t\t\t\t\t\t\t\t\t\t<img decoding=\"async\" width=\"90\" height=\"89\" src=\"https:\/\/centrodemiastenia.com\/pacientes\/wp-content\/uploads\/sites\/2\/2022\/10\/Icono_medica.png\" class=\"attachment-large size-large\" alt=\"\" loading=\"lazy\" \/>\t\t\t\t\t\t\t\t\t\t\t\t\t\t\t<\/div>\n\t\t\t\t<\/div>\n\t\t\t\t<div class=\"elementor-element elementor-element-44ddc9c elementor-widget__width-initial elementor-widget elementor-widget-text-editor\" data-id=\"44ddc9c\" data-element_type=\"widget\" data-widget_type=\"text-editor.default\">\n\t\t\t\t<div class=\"elementor-widget-container\">\n\t\t\t\t\t\t\t<p>La medicaci\u00f3n es diferente a la usada para tratar la MG porque los f\u00e1rmacos inmunosupresores no son \u00fatiles.<\/p>\t\t\t\t\t\t<\/div>\n\t\t\t\t<\/div>\n\t\t\t\t\t<\/div>\n\t\t<\/div>\n\t\t\t\t<div class=\"elementor-column elementor-col-50 elementor-inner-column elementor-element elementor-element-b78243a\" data-id=\"b78243a\" data-element_type=\"column\">\n\t\t\t<div class=\"elementor-widget-wrap elementor-element-populated\">\n\t\t\t\t\t\t\t\t<div class=\"elementor-element elementor-element-f749d18 elementor-widget elementor-widget-image\" data-id=\"f749d18\" data-element_type=\"widget\" data-widget_type=\"image.default\">\n\t\t\t\t<div class=\"elementor-widget-container\">\n\t\t\t\t\t\t\t\t\t\t\t\t\t\t\t<img decoding=\"async\" width=\"61\" height=\"84\" src=\"https:\/\/centrodemiastenia.com\/pacientes\/wp-content\/uploads\/sites\/2\/2022\/10\/Icono_diagnostico.png\" class=\"attachment-large size-large\" alt=\"\" loading=\"lazy\" \/>\t\t\t\t\t\t\t\t\t\t\t\t\t\t\t<\/div>\n\t\t\t\t<\/div>\n\t\t\t\t<div class=\"elementor-element elementor-element-3aace2f elementor-widget__width-initial elementor-widget elementor-widget-text-editor\" data-id=\"3aace2f\" data-element_type=\"widget\" data-widget_type=\"text-editor.default\">\n\t\t\t\t<div class=\"elementor-widget-container\">\n\t\t\t\t\t\t\t<p>Debe ser considerada como un diagn\u00f3stico posible en los casos de MG seronegativa.<\/p>\t\t\t\t\t\t<\/div>\n\t\t\t\t<\/div>\n\t\t\t\t\t<\/div>\n\t\t<\/div>\n\t\t\t\t\t\t\t<\/div>\n\t\t<\/section>\n\t\t\t\t\t<\/div>\n\t\t<\/div>\n\t\t\t\t\t\t\t<\/div>\n\t\t<\/section>\n\t\t\t\t<section class=\"elementor-section elementor-top-section elementor-element elementor-element-4129ac55 elementor-section-boxed elementor-section-height-default elementor-section-height-default\" data-id=\"4129ac55\" data-element_type=\"section\">\n\t\t\t\t\t\t<div class=\"elementor-container elementor-column-gap-default\">\n\t\t\t\t\t<div class=\"elementor-column elementor-col-100 elementor-top-column elementor-element elementor-element-c86bf17\" data-id=\"c86bf17\" data-element_type=\"column\">\n\t\t\t<div class=\"elementor-widget-wrap elementor-element-populated\">\n\t\t\t\t\t\t\t\t<div class=\"elementor-element elementor-element-ca14501 elementor-widget elementor-widget-heading\" data-id=\"ca14501\" data-element_type=\"widget\" data-widget_type=\"heading.default\">\n\t\t\t\t<div class=\"elementor-widget-container\">\n\t\t\t<h2 class=\"elementor-heading-title elementor-size-default\">\u00bfQu\u00e9 es el timo y qu\u00e9 papel tiene en la MG? <\/h2>\t\t<\/div>\n\t\t\t\t<\/div>\n\t\t\t\t<section class=\"elementor-section elementor-inner-section elementor-element elementor-element-6f65d0f6 elementor-section-boxed elementor-section-height-default elementor-section-height-default\" data-id=\"6f65d0f6\" data-element_type=\"section\">\n\t\t\t\t\t\t<div class=\"elementor-container elementor-column-gap-default\">\n\t\t\t\t\t<div class=\"elementor-column elementor-col-50 elementor-inner-column elementor-element elementor-element-759cc0f9\" data-id=\"759cc0f9\" data-element_type=\"column\">\n\t\t\t<div class=\"elementor-widget-wrap elementor-element-populated\">\n\t\t\t\t\t\t\t\t<div class=\"elementor-element elementor-element-75a03af elementor-widget elementor-widget-image\" data-id=\"75a03af\" data-element_type=\"widget\" data-widget_type=\"image.default\">\n\t\t\t\t<div class=\"elementor-widget-container\">\n\t\t\t\t\t\t\t\t\t\t\t\t\t\t\t<img decoding=\"async\" width=\"353\" height=\"352\" src=\"https:\/\/centrodemiastenia.com\/pacientes\/wp-content\/uploads\/sites\/2\/2022\/10\/Glandula_timo.png\" class=\"attachment-large size-large\" alt=\"\" loading=\"lazy\" srcset=\"https:\/\/centrodemiastenia.com\/pacientes\/wp-content\/uploads\/sites\/2\/2022\/10\/Glandula_timo.png 353w, https:\/\/centrodemiastenia.com\/pacientes\/wp-content\/uploads\/sites\/2\/2022\/10\/Glandula_timo-300x300.png 300w, https:\/\/centrodemiastenia.com\/pacientes\/wp-content\/uploads\/sites\/2\/2022\/10\/Glandula_timo-150x150.png 150w\" sizes=\"(max-width: 353px) 100vw, 353px\" \/>\t\t\t\t\t\t\t\t\t\t\t\t\t\t\t<\/div>\n\t\t\t\t<\/div>\n\t\t\t\t\t<\/div>\n\t\t<\/div>\n\t\t\t\t<div class=\"elementor-column elementor-col-50 elementor-inner-column elementor-element elementor-element-6812d509\" data-id=\"6812d509\" data-element_type=\"column\">\n\t\t\t<div class=\"elementor-widget-wrap elementor-element-populated\">\n\t\t\t\t\t\t\t\t<div class=\"elementor-element elementor-element-3f6bc88 elementor-widget elementor-widget-text-editor\" data-id=\"3f6bc88\" data-element_type=\"widget\" data-widget_type=\"text-editor.default\">\n\t\t\t\t<div class=\"elementor-widget-container\">\n\t\t\t\t\t\t\t<p>El timo es una gl\u00e1ndula ubicada detr\u00e1s del estern\u00f3n, con importantes funciones en la defensa del organismo: all\u00ed maduran los linfocitos T, que se encargan de la inmunidad celular. El papel del timo en la MG es bien conocido. En hasta el 70% de las personas con MG, el timo se encuentra muy activo y aumentado de tama\u00f1o, y en un 15%, la miastenia se asocia con timoma, un tumor del timo.<\/p>\t\t\t\t\t\t<\/div>\n\t\t\t\t<\/div>\n\t\t\t\t\t<\/div>\n\t\t<\/div>\n\t\t\t\t\t\t\t<\/div>\n\t\t<\/section>\n\t\t\t\t<div class=\"elementor-element elementor-element-f1e9827 elementor-widget elementor-widget-spacer\" data-id=\"f1e9827\" data-element_type=\"widget\" data-widget_type=\"spacer.default\">\n\t\t\t\t<div class=\"elementor-widget-container\">\n\t\t\t<style>\/*! elementor - v3.8.1 - 13-11-2022 *\/\n.elementor-column .elementor-spacer-inner{height:var(--spacer-size)}.e-con{--container-widget-width:100%}.e-con-inner>.elementor-widget-spacer,.e-con>.elementor-widget-spacer{width:var(--container-widget-width,var(--spacer-size));-ms-flex-item-align:stretch;align-self:stretch;-ms-flex-negative:0;flex-shrink:0}.e-con-inner>.elementor-widget-spacer>.elementor-widget-container,.e-con-inner>.elementor-widget-spacer>.elementor-widget-container>.elementor-spacer,.e-con>.elementor-widget-spacer>.elementor-widget-container,.e-con>.elementor-widget-spacer>.elementor-widget-container>.elementor-spacer{height:100%}.e-con-inner>.elementor-widget-spacer>.elementor-widget-container>.elementor-spacer>.elementor-spacer-inner,.e-con>.elementor-widget-spacer>.elementor-widget-container>.elementor-spacer>.elementor-spacer-inner{height:var(--container-widget-height,var(--spacer-size))}<\/style>\t\t<div class=\"elementor-spacer\">\n\t\t\t<div class=\"elementor-spacer-inner\"><\/div>\n\t\t<\/div>\n\t\t\t\t<\/div>\n\t\t\t\t<\/div>\n\t\t\t\t<div class=\"elementor-element elementor-element-411cfa8 elementor-widget elementor-widget-text-editor\" data-id=\"411cfa8\" data-element_type=\"widget\" data-widget_type=\"text-editor.default\">\n\t\t\t\t<div class=\"elementor-widget-container\">\n\t\t\t\t\t\t\t<p>Los linfocitos T en las personas con MG estimulan la producci\u00f3n de AChRA. Un dato de inter\u00e9s es que puede haber otras enfermedades autoinmunes, junto con la MG. Por ejemplo, puede haber enfermedad tiroidea (con anticuerpos antitiroideos), lupus eritematoso sist\u00e9mico, artritis reumatoide o anemia<\/p>\t\t\t\t\t\t<\/div>\n\t\t\t\t<\/div>\n\t\t\t\t\t<\/div>\n\t\t<\/div>\n\t\t\t\t\t\t\t<\/div>\n\t\t<\/section>\n\t\t\t\t\t\t\t<\/div>\n\t\t","protected":false},"excerpt":{"rendered":"<p>\u00bfCU\u00c1L ES LA CAUSA DE LA MIASTENIA? La causa precisa de la miastenia gravis (MG) no se conoce todav\u00eda. Los investigadores saben que algunos genes pueden aumentar las probabilidades de tener MG, pero se necesitan otros factores para que el organismo, en alg\u00fan momento, empiece a producir los autoanticuerpos. Esos factores podr\u00edan ser alguna infecci\u00f3n [&hellip;]<\/p>\n","protected":false},"author":1,"featured_media":0,"parent":0,"menu_order":0,"comment_status":"closed","ping_status":"closed","template":"","meta":{"inline_featured_image":false},"_links":{"self":[{"href":"https:\/\/centrodemiastenia.com\/pacientes\/wp-json\/wp\/v2\/pages\/224"}],"collection":[{"href":"https:\/\/centrodemiastenia.com\/pacientes\/wp-json\/wp\/v2\/pages"}],"about":[{"href":"https:\/\/centrodemiastenia.com\/pacientes\/wp-json\/wp\/v2\/types\/page"}],"author":[{"embeddable":true,"href":"https:\/\/centrodemiastenia.com\/pacientes\/wp-json\/wp\/v2\/users\/1"}],"replies":[{"embeddable":true,"href":"https:\/\/centrodemiastenia.com\/pacientes\/wp-json\/wp\/v2\/comments?post=224"}],"version-history":[{"count":28,"href":"https:\/\/centrodemiastenia.com\/pacientes\/wp-json\/wp\/v2\/pages\/224\/revisions"}],"predecessor-version":[{"id":1177,"href":"https:\/\/centrodemiastenia.com\/pacientes\/wp-json\/wp\/v2\/pages\/224\/revisions\/1177"}],"wp:attachment":[{"href":"https:\/\/centrodemiastenia.com\/pacientes\/wp-json\/wp\/v2\/media?parent=224"}],"curies":[{"name":"wp","href":"https:\/\/api.w.org\/{rel}","templated":true}]}}