{"id":761,"date":"2022-10-26T13:42:29","date_gmt":"2022-10-26T13:42:29","guid":{"rendered":"https:\/\/centrodemiastenia.com\/medicos\/?page_id=761"},"modified":"2022-11-08T15:11:41","modified_gmt":"2022-11-08T15:11:41","slug":"exposicion-solar","status":"publish","type":"page","link":"https:\/\/centrodemiastenia.com\/medicos\/exposicion-solar\/","title":{"rendered":"Exposici\u00f3n solar"},"content":{"rendered":"\t\t<div data-elementor-type=\"wp-page\" data-elementor-id=\"761\" class=\"elementor elementor-761\">\n\t\t\t\t\t\t\t\t\t<section class=\"elementor-section elementor-top-section elementor-element elementor-element-1b85ea7 elementor-section-height-min-height elementor-section-items-stretch elementor-section-boxed elementor-section-height-default\" data-id=\"1b85ea7\" data-element_type=\"section\" data-settings=\"{&quot;background_background&quot;:&quot;classic&quot;}\">\n\t\t\t\t\t\t\t<div class=\"elementor-background-overlay\"><\/div>\n\t\t\t\t\t\t\t<div class=\"elementor-container elementor-column-gap-default\">\n\t\t\t\t\t<div class=\"elementor-column elementor-col-100 elementor-top-column elementor-element elementor-element-36441ca0\" data-id=\"36441ca0\" data-element_type=\"column\">\n\t\t\t<div class=\"elementor-widget-wrap\">\n\t\t\t\t\t\t\t\t\t<\/div>\n\t\t<\/div>\n\t\t\t\t\t\t\t<\/div>\n\t\t<\/section>\n\t\t\t\t<section class=\"elementor-section elementor-top-section elementor-element elementor-element-348588c elementor-section-boxed elementor-section-height-default elementor-section-height-default\" data-id=\"348588c\" data-element_type=\"section\">\n\t\t\t\t\t\t<div class=\"elementor-container elementor-column-gap-default\">\n\t\t\t\t\t<div class=\"elementor-column elementor-col-100 elementor-top-column elementor-element elementor-element-7da64c4\" data-id=\"7da64c4\" data-element_type=\"column\">\n\t\t\t<div class=\"elementor-widget-wrap elementor-element-populated\">\n\t\t\t\t\t\t\t\t<div class=\"elementor-element elementor-element-cd4cf50 elementor-widget elementor-widget-heading\" data-id=\"cd4cf50\" data-element_type=\"widget\" data-widget_type=\"heading.default\">\n\t\t\t\t<div class=\"elementor-widget-container\">\n\t\t\t<style>\/*! elementor - v3.8.1 - 13-11-2022 *\/\n.elementor-heading-title{padding:0;margin:0;line-height:1}.elementor-widget-heading .elementor-heading-title[class*=elementor-size-]>a{color:inherit;font-size:inherit;line-height:inherit}.elementor-widget-heading .elementor-heading-title.elementor-size-small{font-size:15px}.elementor-widget-heading .elementor-heading-title.elementor-size-medium{font-size:19px}.elementor-widget-heading .elementor-heading-title.elementor-size-large{font-size:29px}.elementor-widget-heading .elementor-heading-title.elementor-size-xl{font-size:39px}.elementor-widget-heading .elementor-heading-title.elementor-size-xxl{font-size:59px}<\/style><h2 class=\"elementor-heading-title elementor-size-default\">EXPOSICI\u00d3N SOLAR<\/h2>\t\t<\/div>\n\t\t\t\t<\/div>\n\t\t\t\t<div class=\"elementor-element elementor-element-688d5d0 elementor-widget elementor-widget-spacer\" data-id=\"688d5d0\" data-element_type=\"widget\" data-widget_type=\"spacer.default\">\n\t\t\t\t<div class=\"elementor-widget-container\">\n\t\t\t<style>\/*! elementor - v3.8.1 - 13-11-2022 *\/\n.elementor-column .elementor-spacer-inner{height:var(--spacer-size)}.e-con{--container-widget-width:100%}.e-con-inner>.elementor-widget-spacer,.e-con>.elementor-widget-spacer{width:var(--container-widget-width,var(--spacer-size));-ms-flex-item-align:stretch;align-self:stretch;-ms-flex-negative:0;flex-shrink:0}.e-con-inner>.elementor-widget-spacer>.elementor-widget-container,.e-con-inner>.elementor-widget-spacer>.elementor-widget-container>.elementor-spacer,.e-con>.elementor-widget-spacer>.elementor-widget-container,.e-con>.elementor-widget-spacer>.elementor-widget-container>.elementor-spacer{height:100%}.e-con-inner>.elementor-widget-spacer>.elementor-widget-container>.elementor-spacer>.elementor-spacer-inner,.e-con>.elementor-widget-spacer>.elementor-widget-container>.elementor-spacer>.elementor-spacer-inner{height:var(--container-widget-height,var(--spacer-size))}<\/style>\t\t<div class=\"elementor-spacer\">\n\t\t\t<div class=\"elementor-spacer-inner\"><\/div>\n\t\t<\/div>\n\t\t\t\t<\/div>\n\t\t\t\t<\/div>\n\t\t\t\t<section class=\"elementor-section elementor-inner-section elementor-element elementor-element-7c473b4 elementor-section-boxed elementor-section-height-default elementor-section-height-default\" data-id=\"7c473b4\" data-element_type=\"section\">\n\t\t\t\t\t\t<div class=\"elementor-container elementor-column-gap-default\">\n\t\t\t\t\t<div class=\"elementor-column elementor-col-50 elementor-inner-column elementor-element elementor-element-46c7d65\" data-id=\"46c7d65\" data-element_type=\"column\">\n\t\t\t<div class=\"elementor-widget-wrap elementor-element-populated\">\n\t\t\t\t\t\t\t\t<div class=\"elementor-element elementor-element-416d268 elementor-widget elementor-widget-text-editor\" data-id=\"416d268\" data-element_type=\"widget\" data-widget_type=\"text-editor.default\">\n\t\t\t\t<div class=\"elementor-widget-container\">\n\t\t\t<style>\/*! elementor - v3.8.1 - 13-11-2022 *\/\n.elementor-widget-text-editor.elementor-drop-cap-view-stacked .elementor-drop-cap{background-color:#818a91;color:#fff}.elementor-widget-text-editor.elementor-drop-cap-view-framed .elementor-drop-cap{color:#818a91;border:3px solid;background-color:transparent}.elementor-widget-text-editor:not(.elementor-drop-cap-view-default) .elementor-drop-cap{margin-top:8px}.elementor-widget-text-editor:not(.elementor-drop-cap-view-default) .elementor-drop-cap-letter{width:1em;height:1em}.elementor-widget-text-editor .elementor-drop-cap{float:left;text-align:center;line-height:1;font-size:50px}.elementor-widget-text-editor .elementor-drop-cap-letter{display:inline-block}<\/style>\t\t\t\t<p>\u2022 Los pacientes que reciben inmunosupresi\u00f3n cr\u00f3nica tienen riesgo aumentado de c\u00e1ncer de piel.<sup style=\"font-size: 15px;\">1,2<\/sup>Adem\u00e1s, en estos pacientes, el c\u00e1ncer tiende a crecer m\u00e1s r\u00e1pidamente y muestra mayor probabilidad de causar recurrencia, met\u00e1stasis o muerte.<sup style=\"font-size: 15px;\">1<\/sup><br \/>\u2022 La asociaci\u00f3n entre el c\u00e1ncer de piel y la terapia inmunosupresora se conoce fundamentalmente en los pacientes con trasplante de \u00f3rgano s\u00f3lido o de m\u00e9dula \u00f3sea, y tambi\u00e9n en quienes reciben agentes biol\u00f3gicos por diferentes enfermedades autoinmunitarias.<sup style=\"font-size: 15px;\">1<\/sup><br \/>\u2022 Los f\u00e1rmacos asociados con riesgo de c\u00e1ncer de piel, tanto melanoma como no melanoma, incluyen:<sup style=\"font-size: 15px;\">1,2<\/sup><br \/>&#8211; Antimetabolitos: Azatioprina, Micofenolato mofetil<br \/>&#8211; Inhibidores de calcineurina: Tacrolimus, Ciclosporina.<\/p>\t\t\t\t\t\t<\/div>\n\t\t\t\t<\/div>\n\t\t\t\t\t<\/div>\n\t\t<\/div>\n\t\t\t\t<div class=\"elementor-column elementor-col-50 elementor-inner-column elementor-element elementor-element-14c21e6\" data-id=\"14c21e6\" data-element_type=\"column\">\n\t\t\t<div class=\"elementor-widget-wrap elementor-element-populated\">\n\t\t\t\t\t\t\t\t<div class=\"elementor-element elementor-element-5a53afa6 elementor-widget elementor-widget-image\" data-id=\"5a53afa6\" data-element_type=\"widget\" data-widget_type=\"image.default\">\n\t\t\t\t<div class=\"elementor-widget-container\">\n\t\t\t<style>\/*! elementor - v3.8.1 - 13-11-2022 *\/\n.elementor-widget-image{text-align:center}.elementor-widget-image a{display:inline-block}.elementor-widget-image a img[src$=\".svg\"]{width:48px}.elementor-widget-image img{vertical-align:middle;display:inline-block}<\/style>\t\t\t\t\t\t\t\t\t\t\t\t<img decoding=\"async\" width=\"517\" height=\"517\" src=\"https:\/\/centrodemiastenia.com\/medicos\/wp-content\/uploads\/sites\/3\/2022\/10\/Layer-13-2.png\" class=\"attachment-full size-full\" alt=\"\" loading=\"lazy\" srcset=\"https:\/\/centrodemiastenia.com\/medicos\/wp-content\/uploads\/sites\/3\/2022\/10\/Layer-13-2.png 517w, https:\/\/centrodemiastenia.com\/medicos\/wp-content\/uploads\/sites\/3\/2022\/10\/Layer-13-2-300x300.png 300w, https:\/\/centrodemiastenia.com\/medicos\/wp-content\/uploads\/sites\/3\/2022\/10\/Layer-13-2-150x150.png 150w\" sizes=\"(max-width: 517px) 100vw, 517px\" \/>\t\t\t\t\t\t\t\t\t\t\t\t\t\t\t<\/div>\n\t\t\t\t<\/div>\n\t\t\t\t\t<\/div>\n\t\t<\/div>\n\t\t\t\t\t\t\t<\/div>\n\t\t<\/section>\n\t\t\t\t\t<\/div>\n\t\t<\/div>\n\t\t\t\t\t\t\t<\/div>\n\t\t<\/section>\n\t\t\t\t<section class=\"elementor-section elementor-top-section elementor-element elementor-element-43797fec elementor-section-boxed elementor-section-height-default elementor-section-height-default\" data-id=\"43797fec\" data-element_type=\"section\" data-settings=\"{&quot;background_background&quot;:&quot;classic&quot;}\">\n\t\t\t\t\t\t<div class=\"elementor-container elementor-column-gap-default\">\n\t\t\t\t\t<div class=\"elementor-column elementor-col-100 elementor-top-column elementor-element elementor-element-7a96613c\" data-id=\"7a96613c\" data-element_type=\"column\">\n\t\t\t<div class=\"elementor-widget-wrap elementor-element-populated\">\n\t\t\t\t\t\t\t\t<section class=\"elementor-section elementor-inner-section elementor-element elementor-element-4238bb9 elementor-section-boxed elementor-section-height-default elementor-section-height-default\" data-id=\"4238bb9\" data-element_type=\"section\">\n\t\t\t\t\t\t<div class=\"elementor-container elementor-column-gap-default\">\n\t\t\t\t\t<div class=\"elementor-column elementor-col-100 elementor-inner-column elementor-element elementor-element-7156e440\" data-id=\"7156e440\" data-element_type=\"column\">\n\t\t\t<div class=\"elementor-widget-wrap elementor-element-populated\">\n\t\t\t\t\t\t\t\t<div class=\"elementor-element elementor-element-f856845 elementor-widget elementor-widget-text-editor\" data-id=\"f856845\" data-element_type=\"widget\" data-widget_type=\"text-editor.default\">\n\t\t\t\t<div class=\"elementor-widget-container\">\n\t\t\t\t\t\t\t<p>\u2022 Factores de riesgo independientes incluyen: edad, sexo, etnia y la exposici\u00f3n solar.<\/p>\t\t\t\t\t\t<\/div>\n\t\t\t\t<\/div>\n\t\t\t\t\t<\/div>\n\t\t<\/div>\n\t\t\t\t\t\t\t<\/div>\n\t\t<\/section>\n\t\t\t\t\t<\/div>\n\t\t<\/div>\n\t\t\t\t\t\t\t<\/div>\n\t\t<\/section>\n\t\t\t\t<section class=\"elementor-section elementor-top-section elementor-element elementor-element-296d181 elementor-section-boxed elementor-section-height-default elementor-section-height-default\" data-id=\"296d181\" data-element_type=\"section\" data-settings=\"{&quot;background_background&quot;:&quot;classic&quot;}\">\n\t\t\t\t\t\t<div class=\"elementor-container elementor-column-gap-default\">\n\t\t\t\t\t<div class=\"elementor-column elementor-col-100 elementor-top-column elementor-element elementor-element-edf4bc8\" data-id=\"edf4bc8\" data-element_type=\"column\">\n\t\t\t<div class=\"elementor-widget-wrap elementor-element-populated\">\n\t\t\t\t\t\t\t\t<section class=\"elementor-section elementor-inner-section elementor-element elementor-element-d3e45e2 elementor-section-boxed elementor-section-height-default elementor-section-height-default\" data-id=\"d3e45e2\" data-element_type=\"section\">\n\t\t\t\t\t\t<div class=\"elementor-container elementor-column-gap-default\">\n\t\t\t\t\t<div class=\"elementor-column elementor-col-50 elementor-inner-column elementor-element elementor-element-5e0147a\" data-id=\"5e0147a\" data-element_type=\"column\">\n\t\t\t<div class=\"elementor-widget-wrap elementor-element-populated\">\n\t\t\t\t\t\t\t\t<div class=\"elementor-element elementor-element-c5757ee elementor-widget elementor-widget-heading\" data-id=\"c5757ee\" data-element_type=\"widget\" data-widget_type=\"heading.default\">\n\t\t\t\t<div class=\"elementor-widget-container\">\n\t\t\t<h3 class=\"elementor-heading-title elementor-size-default\">PREVENCI\u00d3N<sup style=\"font-size: 18px;\">1<\/sup><\/h3>\t\t<\/div>\n\t\t\t\t<\/div>\n\t\t\t\t<div class=\"elementor-element elementor-element-8c1c0a0 elementor-widget elementor-widget-text-editor\" data-id=\"8c1c0a0\" data-element_type=\"widget\" data-widget_type=\"text-editor.default\">\n\t\t\t\t<div class=\"elementor-widget-container\">\n\t\t\t\t\t\t\t<p><span style=\"color: #7da431;\" data-darkreader-inline-color=\"\">\u2713<\/span> Antes de iniciar la terapia inmunosupresora, se recomienda un examen completo de piel por un especialista.<br \/><span style=\"color: #7da431;\" data-darkreader-inline-color=\"\">\u2713<\/span> Examen regular de la piel de todo el cuerpo cada 6 a 12 meses, seg\u00fan cada caso individual.<br \/><span style=\"color: #7da431;\" data-darkreader-inline-color=\"\">\u2713<\/span> Uso de factor de protecci\u00f3n (SPF) 50 diariamente, incuso los d\u00edas nublados.<br \/><span style=\"color: #7da431;\" data-darkreader-inline-color=\"\">\u2713<\/span> Uso de ropa con mangas largas y de color oscuro.<br \/><span style=\"color: #7da431;\" data-darkreader-inline-color=\"\">\u2713<\/span> Evitar la exposici\u00f3n al sol entre las 12 am y las 16 pm.<br \/><span style=\"color: #7da431;\" data-darkreader-inline-color=\"\">\u2713<\/span> Uso de sombrero o gorra con ala ancha.<br \/><span style=\"color: #7da431;\" data-darkreader-inline-color=\"\">\u2713<\/span> No utilizar camas de bronceado con rayos ultravioleta.<\/p>\t\t\t\t\t\t<\/div>\n\t\t\t\t<\/div>\n\t\t\t\t\t<\/div>\n\t\t<\/div>\n\t\t\t\t<div class=\"elementor-column elementor-col-50 elementor-inner-column elementor-element elementor-element-491a9db\" data-id=\"491a9db\" data-element_type=\"column\">\n\t\t\t<div class=\"elementor-widget-wrap elementor-element-populated\">\n\t\t\t\t\t\t\t\t<div class=\"elementor-element elementor-element-bcb4dff elementor-widget elementor-widget-image\" data-id=\"bcb4dff\" data-element_type=\"widget\" data-widget_type=\"image.default\">\n\t\t\t\t<div class=\"elementor-widget-container\">\n\t\t\t\t\t\t\t\t\t\t\t\t\t\t\t<img decoding=\"async\" width=\"331\" height=\"331\" src=\"https:\/\/centrodemiastenia.com\/medicos\/wp-content\/uploads\/sites\/3\/2022\/10\/Group-49.png\" class=\"attachment-full size-full\" alt=\"\" loading=\"lazy\" srcset=\"https:\/\/centrodemiastenia.com\/medicos\/wp-content\/uploads\/sites\/3\/2022\/10\/Group-49.png 331w, https:\/\/centrodemiastenia.com\/medicos\/wp-content\/uploads\/sites\/3\/2022\/10\/Group-49-300x300.png 300w, https:\/\/centrodemiastenia.com\/medicos\/wp-content\/uploads\/sites\/3\/2022\/10\/Group-49-150x150.png 150w\" sizes=\"(max-width: 331px) 100vw, 331px\" \/>\t\t\t\t\t\t\t\t\t\t\t\t\t\t\t<\/div>\n\t\t\t\t<\/div>\n\t\t\t\t\t<\/div>\n\t\t<\/div>\n\t\t\t\t\t\t\t<\/div>\n\t\t<\/section>\n\t\t\t\t\t<\/div>\n\t\t<\/div>\n\t\t\t\t\t\t\t<\/div>\n\t\t<\/section>\n\t\t\t\t<section class=\"elementor-section elementor-top-section elementor-element elementor-element-bede18b elementor-section-boxed elementor-section-height-default elementor-section-height-default\" data-id=\"bede18b\" data-element_type=\"section\" data-settings=\"{&quot;background_background&quot;:&quot;classic&quot;}\">\n\t\t\t\t\t\t<div class=\"elementor-container elementor-column-gap-default\">\n\t\t\t\t\t<div class=\"elementor-column elementor-col-100 elementor-top-column elementor-element elementor-element-8a20bab\" data-id=\"8a20bab\" data-element_type=\"column\">\n\t\t\t<div class=\"elementor-widget-wrap elementor-element-populated\">\n\t\t\t\t\t\t\t\t<div class=\"elementor-element elementor-element-9f7d9bb elementor-widget elementor-widget-spacer\" data-id=\"9f7d9bb\" data-element_type=\"widget\" data-widget_type=\"spacer.default\">\n\t\t\t\t<div class=\"elementor-widget-container\">\n\t\t\t\t\t<div class=\"elementor-spacer\">\n\t\t\t<div class=\"elementor-spacer-inner\"><\/div>\n\t\t<\/div>\n\t\t\t\t<\/div>\n\t\t\t\t<\/div>\n\t\t\t\t<div class=\"elementor-element elementor-element-eac28ae elementor-widget-divider--view-line elementor-widget elementor-widget-divider\" data-id=\"eac28ae\" data-element_type=\"widget\" data-widget_type=\"divider.default\">\n\t\t\t\t<div class=\"elementor-widget-container\">\n\t\t\t<style>\/*! elementor - v3.8.1 - 13-11-2022 *\/\n.elementor-widget-divider{--divider-border-style:none;--divider-border-width:1px;--divider-color:#2c2c2c;--divider-icon-size:20px;--divider-element-spacing:10px;--divider-pattern-height:24px;--divider-pattern-size:20px;--divider-pattern-url:none;--divider-pattern-repeat:repeat-x}.elementor-widget-divider .elementor-divider{display:-webkit-box;display:-ms-flexbox;display:flex}.elementor-widget-divider .elementor-divider__text{font-size:15px;line-height:1;max-width:95%}.elementor-widget-divider .elementor-divider__element{margin:0 var(--divider-element-spacing);-ms-flex-negative:0;flex-shrink:0}.elementor-widget-divider .elementor-icon{font-size:var(--divider-icon-size)}.elementor-widget-divider .elementor-divider-separator{display:-webkit-box;display:-ms-flexbox;display:flex;margin:0;direction:ltr}.elementor-widget-divider--view-line_icon .elementor-divider-separator,.elementor-widget-divider--view-line_text .elementor-divider-separator{-webkit-box-align:center;-ms-flex-align:center;align-items:center}.elementor-widget-divider--view-line_icon .elementor-divider-separator:after,.elementor-widget-divider--view-line_icon .elementor-divider-separator:before,.elementor-widget-divider--view-line_text .elementor-divider-separator:after,.elementor-widget-divider--view-line_text .elementor-divider-separator:before{display:block;content:\"\";border-bottom:0;-webkit-box-flex:1;-ms-flex-positive:1;flex-grow:1;border-top:var(--divider-border-width) var(--divider-border-style) var(--divider-color)}.elementor-widget-divider--element-align-left .elementor-divider .elementor-divider-separator>.elementor-divider__svg:first-of-type{-webkit-box-flex:0;-ms-flex-positive:0;flex-grow:0;-ms-flex-negative:100;flex-shrink:100}.elementor-widget-divider--element-align-left .elementor-divider-separator:before{content:none}.elementor-widget-divider--element-align-left .elementor-divider__element{margin-left:0}.elementor-widget-divider--element-align-right .elementor-divider .elementor-divider-separator>.elementor-divider__svg:last-of-type{-webkit-box-flex:0;-ms-flex-positive:0;flex-grow:0;-ms-flex-negative:100;flex-shrink:100}.elementor-widget-divider--element-align-right .elementor-divider-separator:after{content:none}.elementor-widget-divider--element-align-right .elementor-divider__element{margin-right:0}.elementor-widget-divider:not(.elementor-widget-divider--view-line_text):not(.elementor-widget-divider--view-line_icon) .elementor-divider-separator{border-top:var(--divider-border-width) var(--divider-border-style) var(--divider-color)}.elementor-widget-divider--separator-type-pattern{--divider-border-style:none}.elementor-widget-divider--separator-type-pattern.elementor-widget-divider--view-line .elementor-divider-separator,.elementor-widget-divider--separator-type-pattern:not(.elementor-widget-divider--view-line) .elementor-divider-separator:after,.elementor-widget-divider--separator-type-pattern:not(.elementor-widget-divider--view-line) .elementor-divider-separator:before,.elementor-widget-divider--separator-type-pattern:not([class*=elementor-widget-divider--view]) .elementor-divider-separator{width:100%;min-height:var(--divider-pattern-height);-webkit-mask-size:var(--divider-pattern-size) 100%;mask-size:var(--divider-pattern-size) 100%;-webkit-mask-repeat:var(--divider-pattern-repeat);mask-repeat:var(--divider-pattern-repeat);background-color:var(--divider-color);-webkit-mask-image:var(--divider-pattern-url);mask-image:var(--divider-pattern-url)}.elementor-widget-divider--no-spacing{--divider-pattern-size:auto}.elementor-widget-divider--bg-round{--divider-pattern-repeat:round}.rtl .elementor-widget-divider .elementor-divider__text{direction:rtl}.e-con-inner>.elementor-widget-divider,.e-con>.elementor-widget-divider{width:var(--container-widget-width,100%)}<\/style>\t\t<div class=\"elementor-divider\">\n\t\t\t<span class=\"elementor-divider-separator\">\n\t\t\t\t\t\t<\/span>\n\t\t<\/div>\n\t\t\t\t<\/div>\n\t\t\t\t<\/div>\n\t\t\t\t<div class=\"elementor-element elementor-element-f7c0628 elementor-widget elementor-widget-text-editor\" data-id=\"f7c0628\" data-element_type=\"widget\" data-widget_type=\"text-editor.default\">\n\t\t\t\t<div class=\"elementor-widget-container\">\n\t\t\t\t\t\t\t<p><b>Referencias: 1<\/b>. Bird SJ. Overview of the treatment of myasthenia gravis. UpToDate. En: <a href=\"https:\/\/www.uptodate.com\/contents\/overview-of-the-treatment-of-myasthenia-gravis\" target=\"blank_\"><span style=\"color: #4d4d4d;\">https:\/\/www.uptodate.com\/contents\/overview-of-the-treatment-of-myasthenia-gravis<\/span><\/a>. Actualizado el 29 de marzo de 2021. <b>2.<\/b> Zhou Q, Zhou R, Yang H, Yang H. To Be or Not To Be Vaccinated: That Is a Question in Myasthenia Gravis. Front. Immunol. 2021;12:733418. doi: 10.3389\/fimmu.2021.733418.<\/p>\t\t\t\t\t\t<\/div>\n\t\t\t\t<\/div>\n\t\t\t\t\t<\/div>\n\t\t<\/div>\n\t\t\t\t\t\t\t<\/div>\n\t\t<\/section>\n\t\t\t\t\t\t\t<\/div>\n\t\t","protected":false},"excerpt":{"rendered":"<p>EXPOSICI\u00d3N SOLAR \u2022 Los pacientes que reciben inmunosupresi\u00f3n cr\u00f3nica tienen riesgo aumentado de c\u00e1ncer de piel.1,2Adem\u00e1s, en estos pacientes, el c\u00e1ncer tiende a crecer m\u00e1s r\u00e1pidamente y muestra mayor probabilidad de causar recurrencia, met\u00e1stasis o muerte.1\u2022 La asociaci\u00f3n entre el c\u00e1ncer de piel y la terapia inmunosupresora se conoce fundamentalmente en los pacientes con trasplante [&hellip;]<\/p>\n","protected":false},"author":1,"featured_media":0,"parent":0,"menu_order":0,"comment_status":"closed","ping_status":"closed","template":"","meta":{"inline_featured_image":false},"_links":{"self":[{"href":"https:\/\/centrodemiastenia.com\/medicos\/wp-json\/wp\/v2\/pages\/761"}],"collection":[{"href":"https:\/\/centrodemiastenia.com\/medicos\/wp-json\/wp\/v2\/pages"}],"about":[{"href":"https:\/\/centrodemiastenia.com\/medicos\/wp-json\/wp\/v2\/types\/page"}],"author":[{"embeddable":true,"href":"https:\/\/centrodemiastenia.com\/medicos\/wp-json\/wp\/v2\/users\/1"}],"replies":[{"embeddable":true,"href":"https:\/\/centrodemiastenia.com\/medicos\/wp-json\/wp\/v2\/comments?post=761"}],"version-history":[{"count":24,"href":"https:\/\/centrodemiastenia.com\/medicos\/wp-json\/wp\/v2\/pages\/761\/revisions"}],"predecessor-version":[{"id":885,"href":"https:\/\/centrodemiastenia.com\/medicos\/wp-json\/wp\/v2\/pages\/761\/revisions\/885"}],"wp:attachment":[{"href":"https:\/\/centrodemiastenia.com\/medicos\/wp-json\/wp\/v2\/media?parent=761"}],"curies":[{"name":"wp","href":"https:\/\/api.w.org\/{rel}","templated":true}]}}